{"id":101,"date":"2024-05-30T07:20:17","date_gmt":"2024-05-30T14:20:17","guid":{"rendered":"https:\/\/washingtonhome.wpengine.com\/?page_id=101"},"modified":"2025-05-08T19:42:50","modified_gmt":"2025-05-09T02:42:50","slug":"whrc-privacy-policy","status":"publish","type":"page","link":"https:\/\/www.homeownership-wa.org\/bs\/whrc-policies\/whrc-privacy-policy\/","title":{"rendered":"Pravila privatnosti WHRC -a"},"content":{"rendered":"<div class=\"wpb-content-wrapper\"><div data-parent=\"true\" class=\"vc_row row-container\" id=\"row-unique-0\"><div class=\"row limit-width row-parent\"><div class=\"wpb_row row-inner\"><div class=\"wpb_column pos-top pos-center align_left column_parent col-lg-12 single-internal-gutter\"><div class=\"uncol style-light\"  ><div class=\"uncoltable\"><div class=\"uncell no-block-padding\" ><div class=\"uncont\" ><div class=\"vc_custom_heading_wrap\"><div class=\"heading-text el-text\" ><h1 class=\"h4 fontspace-177060 text-uppercase\" ><span>Politika privatnosti<\/span><\/h1><\/div><div class=\"clear\"><\/div><\/div><div class=\"uncode_text_column\" ><p>A. Po\u0161tovanje privatnosti Resursnog centra Washington Homeownership Resource<\/p>\n<p>Washington Homeownership Resource Center (\u201cWHRC\u201d), po\u0161tuje va\u017enost privatnosti va\u0161ih li\u010dnih podataka. WHRC pru\u017ea ovu Politiku privatnosti kako biste znali o internetskoj praksi WHRC-a i razumjeli kako WHRC tretira informacije koje primamo o vama od va\u0161eg kori\u0161tenja WHRC web stranice koja se nalazi na www.hocmn.org (\u201eSajt\u201c). Kori\u0161\u0107enjem, pregledavanjem ili pristupanjem sajtu, sla\u017eete se sa uslovima ove Politike privatnosti. Va\u0161a posjeta stranici i svaki spor oko privatnosti podlije\u017eu Uvjetima kori\u0161tenja, uklju\u010duju\u0107i ograni\u010denja \u0161tete i primjenu zakona dr\u017eave Washington. Kori\u0161tenje ove stranice je isklju\u010divo dobrovoljno. Ako se ne sla\u017eete sa Politikom privatnosti i Uslovima kori\u0161\u0107enja Stranice, morate se odmah odjaviti sa Sajta i ne mo\u017eete je koristiti.<\/p>\n<p>B. Podaci koje WHRC prikuplja<\/p>\n<p><strong>Anonimne elektronske informacije.<\/strong> Op\u0107enito, mo\u017eete pretra\u017eivati ovu stranicu bez da ka\u017eete WHRC-u ko ste ili da otkrijete bilo kakve li\u010dne podatke o sebi. WHRC, me\u0111utim, prikuplja IP adresu va\u0161eg ra\u010dunara, koju obavezno otkrivate kada posjetite stranicu kako bi podaci (kao \u0161to su web stranice koje tra\u017eite) mogli biti poslati na va\u0161 ra\u010dunar. Stranica koristi \u201ekola\u010di\u0107e\u201c, koji su anonimni, jedinstveni identifikatori koje web stranice na stranici mogu koristiti za pohranjivanje podataka na va\u0161em ra\u010dunalu ili slanje podataka na na\u0161 web server. WHRC mo\u017ee koristiti podatke kola\u010di\u0107a da bi vas \u201eprepoznao\u201c kada budete posjetili Stranicu u budu\u0107nosti, da bi otklonio probleme u radu stranice i za internu analizu na\u010dina na koji ljudi koriste Stranicu. Ako odlu\u010dite da ne prihvatite kola\u010di\u0107e sa stranice, ograni\u010dit \u0107ete funkcionalnost koju WHRC mo\u017ee pru\u017eiti kada posjetite stranicu.<\/p>\n<p><strong>U\u010de\u0161\u0107e u aktivnostima<\/strong>. Kada se bavite odre\u0111enim aktivnostima na Stranici, kao \u0161to je lociranje usluga u geografskom podru\u010dju, slanje povratnih informacija, popunjavanje ankete, registracija za doga\u0111aj ili sudjelovanje u aktivnostima dru\u0161tvenih medija koje uklju\u010duju web stranice kao \u0161to su Facebook, Twitter, Instagram, Flickr, ili YouTube, bilo na ovoj stranici ili web stranici dru\u0161tvenih medija, WHRC mo\u017ee od vas tra\u017eiti da dostavite li\u010dne i druge informacije. Da biste se uklju\u010dili u takve aktivnosti, od vas \u0107e se tra\u017eiti da pru\u017eite informacije koje WHRC-u omogu\u0107avaju da zna ko ste ili gdje se nalazite, a mogu uklju\u010divati, bez ograni\u010denja, va\u0161e ime i prezime, po\u0161tansku adresu, po\u0161tanski broj, adresu e-po\u0161te , brojeve telefona i druge informacije. Ako odlu\u010dite podijeliti bilo koje li\u010dne podatke sa WHRC-om, vidjet \u0107ete da koli\u010dina i vrsta li\u010dnih podataka koje WHRC tra\u017ei zavise od toga kako koristite stranicu. Potpuno je izborno da se bavite ovim aktivnostima. U zavisnosti od aktivnosti, neke od informacija koje WHRC tra\u017ei od vas da dostavite su identifikovane kao obavezne, a neke su dobrovoljne. Ako ne dostavite obavezne podatke u vezi sa odre\u0111enom aktivno\u0161\u0107u, ne\u0107ete se mo\u0107i baviti tom aktivno\u0161\u0107u. WHRC \u0107e koristiti odre\u0111ene va\u0161e li\u010dne podatke za podno\u0161enje izvje\u0161taja raznim vladinim agencijama, udru\u017eenjima ili drugim organizacijama.<\/p>\n<p><strong>Pru\u017eatelji usluga ogla\u0161avanja<\/strong>. WHRC mo\u017ee koristiti dobavlja\u010de usluga tre\u0107ih strana za prikazivanje oglasa u ime WHRC-a na internetu. Provajderi mogu prikupljati anonimne informacije o va\u0161im posjetama web stranici i va\u0161oj interakciji sa proizvodima i uslugama WHRC-a. Oni mogu koristiti kola\u010di\u0107e i druge online alate kao \u0161to su pikselne oznake i oznake akcije za poslu\u017eivanje oglasa i personaliziranje va\u0161eg web iskustva na osnovu va\u0161ih prethodnih posjeta web stranici. Oni tako\u0111er mogu koristiti informacije o va\u0161im posjetama web stranici i drugim web stranicama za ciljanje oglasa za proizvode i usluge. Ove anonimne informacije prikupljaju se kori\u0161tenjem kola\u010di\u0107a. U ovom procesu se ne prikupljaju niti koriste nikakvi podaci koji otkrivaju identitet. Ovi pru\u017eaoci usluga tre\u0107e strane ne znaju va\u0161e ime, broj telefona, adresu, adresu e-po\u0161te ili bilo koje druge li\u010dne podatke o vama. Mnogi pru\u017eaoci usluga tre\u0107ih strana \u010dlanovi su \u201cNacionalne inicijative za ogla\u0161avanje\u201d (\u201cNAI\u201d). Ako \u017eelite vi\u0161e informacija o ovoj praksi ili \u017eelite da se odjavite da ove anonimne informacije koriste tre\u0107i pru\u017eaoci usluga koji su \u010dlanovi NAI-a, posjetite stranicu za odjavu korisnika NAI-a klikom ovdje: www.networkadvertising.org\/choices.<\/p>\n<p>C. Na\u010din na koji WHRC koristi informacije prikupljene na ovoj web stranici<\/p>\n<p>WHRC koristi va\u0161u IP adresu da, izme\u0111u ostalog: (a) pomogne u dijagnosticiranju problema sa WHRC serverom, administrira i pobolj\u0161a Stranicu, te mjeri upotrebu Stranice; (b) identificirati vrstu kori\u0161tenih web pretra\u017eiva\u010da, pregledane stranice, web stranice sa kojih je posjetitelj prona\u0161ao ovu stranicu, te pojmove za pretra\u017eivanje i pretra\u017eiva\u010de koji se koriste za pronala\u017eenje ove stranice; i (c) prikuplja druge informacije o web analitici koje se odnose na upotrebu i navigaciju Stranice od strane posjetitelja. Ove informacije vas li\u010dno ne identifikuju. Povremeno WHRC mo\u017ee agregirati ove podatke s podacima o stranicama koje posje\u0107uju drugi korisnici kako bi pratio sveukupne obrasce prometa posjetitelja i pru\u017eio ove zbirne informacije prodavcima, poslovnim partnerima ili drugim stranama kako bi pokazao koli\u010dinu interesa za Stranicu i pomogao WHRC-u u planiranju za zahtjeve tehni\u010dke infrastrukture.<\/p>\n<p>WHRC mo\u017ee koristiti va\u0161e li\u010dne podatke za odre\u0111ene aktivnosti, uklju\u010duju\u0107i, bez ograni\u010denja, korisni\u010dku podr\u0161ku, registraciju za doga\u0111aje, marketing i istra\u017eivanje, pru\u017eanje usluga, promotivnih i drugih informacija za vas, te da vas kontaktira u vezi s administrativnim obavje\u0161tenjima. WHRC mo\u017ee podijeliti ove informacije sa svojim filijalama ili poslovnim partnerima u vezi sa bilo kojom od gore navedenih aktivnosti. Osim kako je opisano u ovoj Politici privatnosti, WHRC ne\u0107e dati ili prodati va\u0161e li\u010dne podatke bilo kojoj drugoj kompaniji za njihovo kori\u0161tenje u marketingu ili prikupljanju ponuda.<\/p>\n<p>WHRC mo\u017ee uvijek koristiti informacije koje pru\u017eite u anonimnom ili zbirnom formatu koji vas li\u010dno ne identifikuje, \u0161to mo\u017ee uklju\u010divati, bez ograni\u010denja, procjenu postoje\u0107ih proizvoda, usluga i sistema; da pomogne u razvoju novih proizvoda ili usluga; istra\u017eivanje; identificirati trendove i promjene u relevantnim industrijama; i za pripremu i podno\u0161enje izvje\u0161taja raznim vladinim agencijama, udru\u017eenjima, zajmodavcima, REALTORS\u00ae ili drugim organizacijama.<\/p>\n<p>WHRC mo\u017ee otkriti li\u010dne podatke u bilo kojoj od sljede\u0107ih okolnosti: (a) kao odgovor na sudski poziv, nalog za pretres, sudski nalog ili drugi pravni proces ili zahtjev, ili kako to na drugi na\u010din mo\u017ee zahtijevati va\u017ee\u0107i zakon ili propis; (b) da \u0161titi i brani prava ili imovinu WHRC-a ili prava njegovih filijala ili poslovnih partnera ili drugih; ili (c) kako WHRC, prema vlastitom naho\u0111enju, smatra da je prikladno u hitnim okolnostima kao odgovor na uo\u010denu prijetnju li\u010dnoj sigurnosti, imovini ili pravima bilo koje osobe ili organizacije.<\/p>\n<p>Osim toga, budu\u0107i da je baza podataka WHRC-a poslovna imovina, u slu\u010daju da se WHRC reorganizira ili postane dio druge organizacije, pristajete na prodaju, dodjelu ili prijenos va\u0161ih li\u010dnih podataka nasljedniku koji stekne uglavnom svu poslovnu imovinu WHRC, ili povezanom licu, prema potrebi.<\/p>\n<p>WHRC nikada ne\u0107e tra\u017eiti va\u0161u lozinku, korisni\u010dko ime, podatke o kreditnoj kartici ili druge li\u010dne podatke putem e-po\u0161te. Ova praksa, nazvana &quot;phishing&quot;, je prevara dizajnirana da ukrade va\u0161e li\u010dne podatke. Ako primite e-po\u0161tu koja izgleda kao da je od WHRC-a i tra\u017ei od vas va\u0161e li\u010dne podatke, nemojte odgovarati na e-po\u0161tu.<\/p>\n<p>D. Odnos WHRC -a prema drugim web lokacijama kojima se mo\u017ee pristupiti putem ove web stranice<\/p>\n<p>Ova stranica mo\u017ee sadr\u017eavati linkove na druge web stranice. Osim toga, druge web stranice mogu sadr\u017eavati veze do ove stranice. WHRC ne pregleda niti nadzire web stranice povezane s ovom Stranicom i nije odgovoran za sadr\u017eaj ili politiku privatnosti koja se odnosi na bilo koje druge web stranice. Ako posjetite neku od ovih drugih web stranica, trebali biste pregledati politiku privatnosti na toj web stranici. Kada ova stranica sadr\u017ei vezu do druge web stranice koju posjeduje i\/ili upravlja WHRC, ili je povezana sa WHRC-om, takvo kori\u0161tenje web stranice mo\u017ee biti podlo\u017eno razli\u010ditim i dodatnim uvjetima kori\u0161tenja i pravilima i uvjetima politike privatnosti.<\/p>\n<p>E. Sigurnost va\u0161ih li\u010dnih podataka<\/p>\n<p>WHRC poduzima ono \u0161to vjeruje da su razumne mjere predostro\u017enosti i implementirao je upravlja\u010dke i tehni\u010dke procedure za za\u0161titu sigurnosti podataka i informacija, uklju\u010duju\u0107i li\u010dne podatke. Me\u0111utim, WHRC ne mo\u017ee jam\u010diti protiv bilo kakvog gubitka, zloupotrebe, neovla\u0161tenog otkrivanja ili izmjene ili uni\u0161tenja podataka ili li\u010dnih podataka. Iako WHRC nastoji za\u0161tititi va\u0161e li\u010dne podatke, WHRC ne mo\u017ee garantirati sigurnost bilo koje informacije koju prenosite na ili sa ove stranice, putem e-po\u0161te ili na drugi na\u010din, a takve informacije dajete na vlastiti rizik. Potvr\u0111ujete da: (a) postoje ograni\u010denja sigurnosti i privatnosti u ra\u010dunarskim sistemima i na Internetu koja su izvan kontrole WHRC-a; (b) ne mo\u017ee se garantovati sigurnost, integritet i privatnost svih informacija i podataka koji se razmjenjuju izme\u0111u vas i WHRC-a putem stranice, uklju\u010duju\u0107i li\u010dne podatke; i (c) bilo koju takvu informaciju i podatke tre\u0107a strana mo\u017ee pregledati ili mijenjati dok se takve informacije ili podaci koriste, prenose, obra\u0111uju ili pohranjuju.<\/p>\n<p>F. Promjene politike privatnosti<\/p>\n<p>WHRC zadr\u017eava pravo da izmijeni ovu Politiku privatnosti, u cjelini ili djelomi\u010dno, u bilo koje vrijeme bez obavje\u0161tenja. Izri\u010dito se odri\u010dete bilo kakvog prava na primanje obavje\u0161tenja o bilo kakvim promjenama ove Politike privatnosti. WHRC vas ohrabruje da redovno pregledate ovu Politiku privatnosti prilikom kori\u0161tenja stranice kako biste bili sigurni da ste upoznati sa trenutnim praksama. Svako kori\u0161tenje Stranice nakon datuma kada WHRC uvede promjene u ovu Politiku privatnosti zna\u010di da prihvatate sve takve promjene.<\/p>\n<\/div><\/div><\/div><\/div><\/div><\/div><script id=\"script-row-unique-0\" data-row=\"script-row-unique-0\" type=\"text\/javascript\" class=\"vc_controls\">UNCODE.initRow(document.getElementById(\"row-unique-0\"));<\/script><\/div><\/div><\/div>\n<\/div>","protected":false},"excerpt":{"rendered":"Privacy PolicyA. Washington Homeownership Resource Center\u2019s Respect for Privacy Washington Homeownership Resource Center (\u201cWHRC\u201d), respects the importance of the privacy [...]","protected":false},"author":7,"featured_media":0,"parent":99,"menu_order":0,"comment_status":"closed","ping_status":"closed","template":"","meta":{"_monsterinsights_skip_tracking":false,"_monsterinsights_sitenote_active":false,"_monsterinsights_sitenote_note":"","_monsterinsights_sitenote_category":0,"_uf_show_specific_survey":0,"_uf_disable_surveys":false,"footnotes":""},"class_list":["post-101","page","type-page","status-publish","hentry"],"yoast_head":"<!-- This site is optimized with the Yoast SEO plugin v27.4 - https:\/\/yoast.com\/product\/yoast-seo-wordpress\/ -->\n<title>WHRC Privacy Policy - Washington Homeownership Resource Center<\/title>\n<meta name=\"robots\" content=\"index, follow, max-snippet:-1, max-image-preview:large, max-video-preview:-1\" \/>\n<link rel=\"canonical\" href=\"https:\/\/www.homeownership-wa.org\/bs\/whrc-policies\/whrc-privacy-policy\/\" \/>\n<meta property=\"og:locale\" content=\"bs_BA\" \/>\n<meta property=\"og:type\" content=\"article\" \/>\n<meta property=\"og:title\" content=\"WHRC Privacy Policy - Washington Homeownership Resource Center\" \/>\n<meta property=\"og:url\" content=\"https:\/\/www.homeownership-wa.org\/bs\/whrc-policies\/whrc-privacy-policy\/\" \/>\n<meta property=\"og:site_name\" content=\"Washington Homeownership Resource Center\" \/>\n<meta property=\"article:modified_time\" content=\"2025-05-09T02:42:50+00:00\" \/>\n<meta name=\"twitter:card\" content=\"summary_large_image\" \/>\n<meta name=\"twitter:label1\" content=\"Est. reading time\" \/>\n\t<meta name=\"twitter:data1\" content=\"7 minuta\" \/>\n<script type=\"application\/ld+json\" class=\"yoast-schema-graph\">{\"@context\":\"https:\\\/\\\/schema.org\",\"@graph\":[{\"@type\":\"WebPage\",\"@id\":\"https:\\\/\\\/www.homeownership-wa.org\\\/whrc-policies\\\/whrc-privacy-policy\\\/\",\"url\":\"https:\\\/\\\/www.homeownership-wa.org\\\/whrc-policies\\\/whrc-privacy-policy\\\/\",\"name\":\"WHRC Privacy Policy - Washington Homeownership Resource Center\",\"isPartOf\":{\"@id\":\"https:\\\/\\\/www.homeownership-wa.org\\\/#website\"},\"datePublished\":\"2024-05-30T14:20:17+00:00\",\"dateModified\":\"2025-05-09T02:42:50+00:00\",\"breadcrumb\":{\"@id\":\"https:\\\/\\\/www.homeownership-wa.org\\\/whrc-policies\\\/whrc-privacy-policy\\\/#breadcrumb\"},\"inLanguage\":\"bs-BA\",\"potentialAction\":[{\"@type\":\"ReadAction\",\"target\":[\"https:\\\/\\\/www.homeownership-wa.org\\\/whrc-policies\\\/whrc-privacy-policy\\\/\"]}]},{\"@type\":\"BreadcrumbList\",\"@id\":\"https:\\\/\\\/www.homeownership-wa.org\\\/whrc-policies\\\/whrc-privacy-policy\\\/#breadcrumb\",\"itemListElement\":[{\"@type\":\"ListItem\",\"position\":1,\"name\":\"Home\",\"item\":\"https:\\\/\\\/www.homeownership-wa.org\\\/\"},{\"@type\":\"ListItem\",\"position\":2,\"name\":\"WHRC Policies\",\"item\":\"https:\\\/\\\/www.homeownership-wa.org\\\/whrc-policies\\\/\"},{\"@type\":\"ListItem\",\"position\":3,\"name\":\"WHRC Privacy Policy\"}]},{\"@type\":\"WebSite\",\"@id\":\"https:\\\/\\\/www.homeownership-wa.org\\\/#website\",\"url\":\"https:\\\/\\\/www.homeownership-wa.org\\\/\",\"name\":\"Washington Homeownership Resource Center\",\"description\":\"You have homeownership goals. We can help you reach them.\",\"publisher\":{\"@id\":\"https:\\\/\\\/www.homeownership-wa.org\\\/#organization\"},\"potentialAction\":[{\"@type\":\"SearchAction\",\"target\":{\"@type\":\"EntryPoint\",\"urlTemplate\":\"https:\\\/\\\/www.homeownership-wa.org\\\/?s={search_term_string}\"},\"query-input\":{\"@type\":\"PropertyValueSpecification\",\"valueRequired\":true,\"valueName\":\"search_term_string\"}}],\"inLanguage\":\"bs-BA\"},{\"@type\":\"Organization\",\"@id\":\"https:\\\/\\\/www.homeownership-wa.org\\\/#organization\",\"name\":\"Washington Homeownership Resource Center\",\"url\":\"https:\\\/\\\/www.homeownership-wa.org\\\/\",\"logo\":{\"@type\":\"ImageObject\",\"inLanguage\":\"bs-BA\",\"@id\":\"https:\\\/\\\/www.homeownership-wa.org\\\/#\\\/schema\\\/logo\\\/image\\\/\",\"url\":\"https:\\\/\\\/www.homeownership-wa.org\\\/wp-content\\\/uploads\\\/2024\\\/05\\\/WHRC_Logo_2023_Cerulean_RGB_H.png\",\"contentUrl\":\"https:\\\/\\\/www.homeownership-wa.org\\\/wp-content\\\/uploads\\\/2024\\\/05\\\/WHRC_Logo_2023_Cerulean_RGB_H.png\",\"width\":10001,\"height\":2881,\"caption\":\"Washington Homeownership Resource Center\"},\"image\":{\"@id\":\"https:\\\/\\\/www.homeownership-wa.org\\\/#\\\/schema\\\/logo\\\/image\\\/\"}}]}<\/script>\n<!-- \/ Yoast SEO plugin. -->","yoast_head_json":{"title":"Politika privatnosti WHRC-a - Centar za resurse vlasni\u0161tva nad nekretninama u Washingtonu","robots":{"index":"index","follow":"follow","max-snippet":"max-snippet:-1","max-image-preview":"max-image-preview:large","max-video-preview":"max-video-preview:-1"},"canonical":"https:\/\/www.homeownership-wa.org\/bs\/whrc-policies\/whrc-privacy-policy\/","og_locale":"bs_BA","og_type":"article","og_title":"WHRC Privacy Policy - Washington Homeownership Resource Center","og_url":"https:\/\/www.homeownership-wa.org\/bs\/whrc-policies\/whrc-privacy-policy\/","og_site_name":"Washington Homeownership Resource Center","article_modified_time":"2025-05-09T02:42:50+00:00","twitter_card":"summary_large_image","twitter_misc":{"Est. reading time":"7 minuta"},"schema":{"@context":"https:\/\/schema.org","@graph":[{"@type":"WebPage","@id":"https:\/\/www.homeownership-wa.org\/whrc-policies\/whrc-privacy-policy\/","url":"https:\/\/www.homeownership-wa.org\/whrc-policies\/whrc-privacy-policy\/","name":"Politika privatnosti WHRC-a - Centar za resurse vlasni\u0161tva nad nekretninama u Washingtonu","isPartOf":{"@id":"https:\/\/www.homeownership-wa.org\/#website"},"datePublished":"2024-05-30T14:20:17+00:00","dateModified":"2025-05-09T02:42:50+00:00","breadcrumb":{"@id":"https:\/\/www.homeownership-wa.org\/whrc-policies\/whrc-privacy-policy\/#breadcrumb"},"inLanguage":"bs-BA","potentialAction":[{"@type":"ReadAction","target":["https:\/\/www.homeownership-wa.org\/whrc-policies\/whrc-privacy-policy\/"]}]},{"@type":"BreadcrumbList","@id":"https:\/\/www.homeownership-wa.org\/whrc-policies\/whrc-privacy-policy\/#breadcrumb","itemListElement":[{"@type":"ListItem","position":1,"name":"Home","item":"https:\/\/www.homeownership-wa.org\/"},{"@type":"ListItem","position":2,"name":"WHRC Policies","item":"https:\/\/www.homeownership-wa.org\/whrc-policies\/"},{"@type":"ListItem","position":3,"name":"WHRC Privacy Policy"}]},{"@type":"WebSite","@id":"https:\/\/www.homeownership-wa.org\/#website","url":"https:\/\/www.homeownership-wa.org\/","name":"Resursni centar Washington Homeownership","description":"Imate ciljeve u vezi s vlasni\u0161tvom nad nekretninom. Mi vam mo\u017eemo pomo\u0107i da ih ostvarite.","publisher":{"@id":"https:\/\/www.homeownership-wa.org\/#organization"},"potentialAction":[{"@type":"SearchAction","target":{"@type":"EntryPoint","urlTemplate":"https:\/\/www.homeownership-wa.org\/?s={search_term_string}"},"query-input":{"@type":"PropertyValueSpecification","valueRequired":true,"valueName":"search_term_string"}}],"inLanguage":"bs-BA"},{"@type":"Organization","@id":"https:\/\/www.homeownership-wa.org\/#organization","name":"Resursni centar Washington Homeownership","url":"https:\/\/www.homeownership-wa.org\/","logo":{"@type":"ImageObject","inLanguage":"bs-BA","@id":"https:\/\/www.homeownership-wa.org\/#\/schema\/logo\/image\/","url":"https:\/\/www.homeownership-wa.org\/wp-content\/uploads\/2024\/05\/WHRC_Logo_2023_Cerulean_RGB_H.png","contentUrl":"https:\/\/www.homeownership-wa.org\/wp-content\/uploads\/2024\/05\/WHRC_Logo_2023_Cerulean_RGB_H.png","width":10001,"height":2881,"caption":"Washington Homeownership Resource Center"},"image":{"@id":"https:\/\/www.homeownership-wa.org\/#\/schema\/logo\/image\/"}}]}},"_links":{"self":[{"href":"https:\/\/www.homeownership-wa.org\/bs\/wp-json\/wp\/v2\/pages\/101","targetHints":{"allow":["GET"]}}],"collection":[{"href":"https:\/\/www.homeownership-wa.org\/bs\/wp-json\/wp\/v2\/pages"}],"about":[{"href":"https:\/\/www.homeownership-wa.org\/bs\/wp-json\/wp\/v2\/types\/page"}],"author":[{"embeddable":true,"href":"https:\/\/www.homeownership-wa.org\/bs\/wp-json\/wp\/v2\/users\/7"}],"replies":[{"embeddable":true,"href":"https:\/\/www.homeownership-wa.org\/bs\/wp-json\/wp\/v2\/comments?post=101"}],"version-history":[{"count":0,"href":"https:\/\/www.homeownership-wa.org\/bs\/wp-json\/wp\/v2\/pages\/101\/revisions"}],"up":[{"embeddable":true,"href":"https:\/\/www.homeownership-wa.org\/bs\/wp-json\/wp\/v2\/pages\/99"}],"wp:attachment":[{"href":"https:\/\/www.homeownership-wa.org\/bs\/wp-json\/wp\/v2\/media?parent=101"}],"curies":[{"name":"radni list","href":"https:\/\/api.w.org\/{rel}","templated":true}]}}