{"id":101,"date":"2024-05-30T07:20:17","date_gmt":"2024-05-30T14:20:17","guid":{"rendered":"https:\/\/washingtonhome.wpengine.com\/?page_id=101"},"modified":"2025-05-08T19:42:50","modified_gmt":"2025-05-09T02:42:50","slug":"whrc-privacy-policy","status":"publish","type":"page","link":"https:\/\/www.homeownership-wa.org\/es\/whrc-policies\/whrc-privacy-policy\/","title":{"rendered":"Pol\u00edtica de privacidad de WHRC"},"content":{"rendered":"<div class=\"wpb-content-wrapper\"><div data-parent=\"true\" class=\"vc_row row-container\" id=\"row-unique-0\"><div class=\"row limit-width row-parent\"><div class=\"wpb_row row-inner\"><div class=\"wpb_column pos-top pos-center align_left column_parent col-lg-12 single-internal-gutter\"><div class=\"uncol style-light\"  ><div class=\"uncoltable\"><div class=\"uncell no-block-padding\" ><div class=\"uncont\" ><div class=\"vc_custom_heading_wrap\"><div class=\"heading-text el-text\" ><h1 class=\"h4 fontspace-177060 text-uppercase\" ><span>Pol\u00edtica de privacidad<\/span><\/h1><\/div><div class=\"clear\"><\/div><\/div><div class=\"uncode_text_column\" ><p>A. Respeto por la privacidad del Washington Homeownership Resource Center<\/p>\n<p>Washington Homeownership Resource Center (\u201cWHRC\u201d) respeta la importancia de la privacidad de su informaci\u00f3n personal. WHRC proporciona esta Pol\u00edtica de Privacidad para que usted conozca las pr\u00e1cticas de informaci\u00f3n en l\u00ednea de WHRC y comprenda c\u00f3mo trata WHRC la informaci\u00f3n que recibimos sobre usted a partir de su uso del sitio web de WHRC ubicado en www.hocmn.org (el \u201cSitio\u201d). Al usar, navegar o acceder al Sitio, usted acepta los t\u00e9rminos de esta Pol\u00edtica de Privacidad. Su visita al Sitio y cualquier disputa sobre privacidad est\u00e1 sujeta a los T\u00e9rminos de uso, incluidas las limitaciones de da\u00f1os y la aplicaci\u00f3n de la ley del Estado de Washington. El uso de este Sitio es estrictamente voluntario. Si no est\u00e1 de acuerdo con la Pol\u00edtica de privacidad y los T\u00e9rminos de uso del Sitio, debe cerrar sesi\u00f3n inmediatamente en el Sitio y no podr\u00e1 utilizarlo.<\/p>\n<p>B. La informaci\u00f3n que recopila WHRC<\/p>\n<p><strong>Informaci\u00f3n electr\u00f3nica an\u00f3nima.<\/strong> En general, puede navegar por este Sitio sin decirle a WHRC qui\u00e9n es ni revelar ninguna informaci\u00f3n personal sobre usted. WHRC, sin embargo, recopila la direcci\u00f3n IP de su computadora, que usted necesariamente divulga cuando visita el Sitio para que los datos (como las p\u00e1ginas web que solicita) puedan enviarse a su computadora. El Sitio utiliza &quot;cookies&quot;, que son identificadores \u00fanicos y an\u00f3nimos que las p\u00e1ginas web del Sitio pueden usar para almacenar datos en su computadora o enviar datos a nuestro servidor web. WHRC puede utilizar datos de cookies para &quot;reconocerlo&quot; cuando visite el Sitio en el futuro, para solucionar problemas de funcionamiento del Sitio y para an\u00e1lisis internos de c\u00f3mo las personas usan el Sitio. Si decide no aceptar cookies del Sitio, limitar\u00e1 la funcionalidad que WHRC puede proporcionar cuando visite el Sitio.<\/p>\n<p><strong>Participar en actividades<\/strong>. Cuando participa en ciertas actividades en el Sitio, como localizar servicios en un \u00e1rea geogr\u00e1fica, enviar comentarios, completar una encuesta, registrarse para un evento o participar en actividades de redes sociales que involucran sitios web como Facebook, Twitter, Instagram, Flickr, o YouTube, ya sea en este Sitio o en el sitio web de redes sociales, WHRC puede solicitarle que proporcione informaci\u00f3n personal y de otro tipo. Para participar en dichas actividades, se le pedir\u00e1 que proporcione informaci\u00f3n que le permita a WHRC saber los detalles de qui\u00e9n es usted o d\u00f3nde se encuentra, y puede incluir, entre otros, su nombre y apellido, direcci\u00f3n postal, c\u00f3digo postal, direcci\u00f3n de correo electr\u00f3nico. , n\u00fameros de tel\u00e9fono y otra informaci\u00f3n. Si elige compartir cualquier informaci\u00f3n personal con WHRC, ver\u00e1 que la cantidad y el tipo de informaci\u00f3n personal que solicita WHRC depende de c\u00f3mo utilice el Sitio. Es completamente opcional que usted participe en estas actividades. Dependiendo de la actividad, parte de la informaci\u00f3n que WHRC le solicita que proporcione se identifica como obligatoria y otra es voluntaria. Si no proporciona los datos obligatorios con respecto a una actividad en particular, no podr\u00e1 realizar esa actividad. WHRC utilizar\u00e1 parte de su informaci\u00f3n personal para presentar informes ante diversas agencias gubernamentales, asociaciones u otras organizaciones.<\/p>\n<p><strong>Proveedores de servicios publicitarios<\/strong>. WHRC puede utilizar proveedores de servicios externos para publicar anuncios en nombre de WHRC en Internet. Los proveedores pueden recopilar informaci\u00f3n an\u00f3nima sobre sus visitas al Sitio y su interacci\u00f3n con los productos y servicios de WHRC. Pueden utilizar cookies y otras herramientas en l\u00ednea, como etiquetas de p\u00edxeles y etiquetas de acci\u00f3n, para publicar anuncios y personalizar su experiencia web en funci\u00f3n de sus visitas anteriores al Sitio. Tambi\u00e9n pueden utilizar informaci\u00f3n sobre sus visitas al Sitio y otros sitios web para orientar anuncios de productos y servicios. Esta informaci\u00f3n an\u00f3nima se recopila mediante el uso de una cookie. No se recopila ni utiliza ninguna informaci\u00f3n de identificaci\u00f3n personal en este proceso. Estos proveedores de servicios externos no conocen su nombre, n\u00famero de tel\u00e9fono, direcci\u00f3n, direcci\u00f3n de correo electr\u00f3nico ni ninguna otra informaci\u00f3n de identificaci\u00f3n personal sobre usted. Muchos proveedores de servicios externos son miembros de la &quot;Iniciativa Nacional de Publicidad&quot; (&quot;NAI&quot;). Si desea obtener m\u00e1s informaci\u00f3n sobre esta pr\u00e1ctica o optar por que esta informaci\u00f3n an\u00f3nima no sea utilizada por proveedores de servicios externos que son miembros de NAI, visite la p\u00e1gina de exclusi\u00f3n voluntaria del consumidor de NAI haciendo clic aqu\u00ed: www.networkadvertising.org\/choices.<\/p>\n<p>C.La forma en que WHRC utiliza la informaci\u00f3n recopilada en este sitio<\/p>\n<p>WHRC utiliza su direcci\u00f3n IP para, entre otras cosas: (a) ayudar a diagnosticar problemas con el servidor de WHRC, administrar y mejorar el Sitio y medir el uso del Sitio; (b) identificar el tipo de navegadores web utilizados, las p\u00e1ginas visitadas, los sitios web desde los cuales un visitante encontr\u00f3 este Sitio y los t\u00e9rminos de b\u00fasqueda y motores de b\u00fasqueda utilizados para encontrar este Sitio; y (c) recopilar otra informaci\u00f3n anal\u00edtica web relacionada con el uso y la navegaci\u00f3n del Sitio por parte de los visitantes. Esta informacion no te identifica personalmente. En ocasiones, WHRC puede agregar estos datos con datos de las p\u00e1ginas visitadas por otros usuarios para rastrear los patrones generales de tr\u00e1fico de visitantes y proporcionar esta informaci\u00f3n agregada a proveedores, socios comerciales u otras partes para demostrar la cantidad de inter\u00e9s en el Sitio y ayudar a WHRC a planificar. para requisitos de infraestructura t\u00e9cnica.<\/p>\n<p>WHRC puede utilizar su informaci\u00f3n personal para actividades particulares, que incluyen, entre otras, servicio al cliente, registro para eventos, marketing e investigaci\u00f3n, brindarle servicios, informaci\u00f3n promocional y de otro tipo, y para contactarlo con respecto a avisos administrativos. WHRC puede compartir esta informaci\u00f3n con sus afiliados o socios comerciales en relaci\u00f3n con cualquiera de las actividades anteriores. Excepto lo descrito en esta Pol\u00edtica de Privacidad, WHRC no dar\u00e1 ni vender\u00e1 su informaci\u00f3n personal a ninguna otra empresa para su uso en marketing o solicitaci\u00f3n.<\/p>\n<p>WHRC siempre puede usar la informaci\u00f3n que usted proporciona en un formato an\u00f3nimo o agregado que no lo identifica personalmente, cuyos usos pueden incluir, entre otros, evaluar productos, servicios y sistemas existentes; ayudar en el desarrollo de nuevos productos o servicios; investigaci\u00f3n; identificar tendencias y cambios en industrias relevantes; y para preparar y presentar informes ante diversas agencias gubernamentales, asociaciones, prestamistas, REALTORS\u00ae u otras organizaciones.<\/p>\n<p>WHRC puede divulgar informaci\u00f3n personal en cualquiera de las siguientes circunstancias: (a) en respuesta a una citaci\u00f3n, orden de registro, orden judicial u otro proceso o solicitud legal, o seg\u00fan lo requiera la ley o regulaci\u00f3n aplicable; (b) para proteger y defender los derechos o la propiedad de WHRC o los de sus afiliados o socios comerciales, u otros; o (c) como WHRC, a su entera discreci\u00f3n, considere apropiado bajo circunstancias exigentes en respuesta a una amenaza percibida a la seguridad personal, la propiedad o los derechos de cualquier persona u organizaci\u00f3n.<\/p>\n<p>Adem\u00e1s, dado que la base de datos de WHRC es un activo comercial, en caso de que WHRC se reorganice o pase a formar parte de otra organizaci\u00f3n, usted acepta la venta, cesi\u00f3n o transferencia de su informaci\u00f3n personal a un sucesor que adquiera sustancialmente todos los activos comerciales de WHRC, o a un afiliado, seg\u00fan corresponda.<\/p>\n<p>WHRC nunca solicitar\u00e1 su contrase\u00f1a, nombre de usuario, informaci\u00f3n de tarjeta de cr\u00e9dito u otra informaci\u00f3n personal por correo electr\u00f3nico. Esta pr\u00e1ctica, llamada \u201cphishing\u201d, es una estafa dise\u00f1ada para robar su informaci\u00f3n personal. Si recibe un correo electr\u00f3nico que parece ser de WHRC solicit\u00e1ndole su informaci\u00f3n personal, no responda el correo electr\u00f3nico.<\/p>\n<p>D. Relaci\u00f3n del WHRC con otros sitios a los que se puede acceder a trav\u00e9s de este sitio<\/p>\n<p>Este Sitio puede contener enlaces a otros sitios web. Adem\u00e1s, otros sitios web pueden contener enlaces a este Sitio. WHRC no revisa ni monitorea los sitios web vinculados a este Sitio y no es responsable del contenido o las pol\u00edticas de privacidad relacionadas con ning\u00fan otro sitio web. Si visita uno de estos otros sitios web, debe revisar la pol\u00edtica de privacidad de ese sitio web. Cuando este Sitio contenga un enlace a otro sitio web propiedad de WHRC o operado por \u00e9l, o afiliado a WHRC, el uso de dicho sitio web puede estar sujeto a t\u00e9rminos y condiciones de uso y pol\u00edticas de privacidad diferentes y adicionales.<\/p>\n<p>E. Seguridad de su informaci\u00f3n personal<\/p>\n<p>WHRC toma lo que considera precauciones razonables y ha implementado procedimientos t\u00e9cnicos y de gesti\u00f3n para proteger la seguridad de los datos y la informaci\u00f3n, incluida la informaci\u00f3n personal. Sin embargo, WHRC no puede garantizar contra ninguna p\u00e9rdida, mal uso, divulgaci\u00f3n no autorizada o alteraci\u00f3n o destrucci\u00f3n de datos o informaci\u00f3n personal. Si bien WHRC se esfuerza por proteger su informaci\u00f3n personal, no puede garantizar la seguridad de ninguna informaci\u00f3n que usted transmita hacia o desde este Sitio, por correo electr\u00f3nico o de otro modo, y usted proporciona dicha informaci\u00f3n bajo su propio riesgo. Usted reconoce que: (a) existen limitaciones de seguridad y privacidad en los sistemas inform\u00e1ticos y en Internet que est\u00e1n fuera del control de WHRC; (b) no se puede garantizar la seguridad, integridad y privacidad de toda la informaci\u00f3n y los datos intercambiados entre usted y WHRC a trav\u00e9s del Sitio, incluida la informaci\u00f3n personal; y (c) dicha informaci\u00f3n o datos pueden ser vistos o alterados por un tercero mientras dicha informaci\u00f3n o datos se utilizan, transmiten, procesan o almacenan.<\/p>\n<p>F. Cambios en la pol\u00edtica de privacidad<\/p>\n<p>WHRC se reserva el derecho de modificar esta Pol\u00edtica de Privacidad, total o parcialmente, en cualquier momento sin previo aviso. Usted renuncia expresamente a cualquier derecho a recibir notificaci\u00f3n de cualquier cambio en esta Pol\u00edtica de Privacidad. WHRC lo alienta a revisar esta Pol\u00edtica de privacidad peri\u00f3dicamente cuando utilice el Sitio para asegurarse de que conoce las pr\u00e1cticas actuales. Cualquier uso del Sitio despu\u00e9s de la fecha en la que WHRC implemente cambios a esta Pol\u00edtica de Privacidad constituir\u00e1 su aceptaci\u00f3n de todos dichos cambios.<\/p>\n<\/div><\/div><\/div><\/div><\/div><\/div><script id=\"script-row-unique-0\" data-row=\"script-row-unique-0\" type=\"text\/javascript\" class=\"vc_controls\">UNCODE.initRow(document.getElementById(\"row-unique-0\"));<\/script><\/div><\/div><\/div>\n<\/div>","protected":false},"excerpt":{"rendered":"Privacy PolicyA. Washington Homeownership Resource Center\u2019s Respect for Privacy Washington Homeownership Resource Center (\u201cWHRC\u201d), respects the importance of the privacy [...]","protected":false},"author":7,"featured_media":0,"parent":99,"menu_order":0,"comment_status":"closed","ping_status":"closed","template":"","meta":{"_monsterinsights_skip_tracking":false,"_monsterinsights_sitenote_active":false,"_monsterinsights_sitenote_note":"","_monsterinsights_sitenote_category":0,"_uf_show_specific_survey":0,"_uf_disable_surveys":false,"footnotes":""},"class_list":["post-101","page","type-page","status-publish","hentry"],"yoast_head":"<!-- This site is optimized with the Yoast SEO plugin v27.5 - https:\/\/yoast.com\/product\/yoast-seo-wordpress\/ -->\n<title>WHRC Privacy Policy - Washington Homeownership Resource Center<\/title>\n<meta name=\"robots\" content=\"index, follow, max-snippet:-1, max-image-preview:large, max-video-preview:-1\" \/>\n<link rel=\"canonical\" href=\"https:\/\/www.homeownership-wa.org\/es\/whrc-policies\/whrc-privacy-policy\/\" \/>\n<meta property=\"og:locale\" content=\"es_ES\" \/>\n<meta property=\"og:type\" content=\"article\" \/>\n<meta property=\"og:title\" content=\"WHRC Privacy Policy - Washington Homeownership Resource Center\" \/>\n<meta property=\"og:url\" content=\"https:\/\/www.homeownership-wa.org\/es\/whrc-policies\/whrc-privacy-policy\/\" \/>\n<meta property=\"og:site_name\" content=\"Washington Homeownership Resource Center\" \/>\n<meta property=\"article:modified_time\" content=\"2025-05-09T02:42:50+00:00\" \/>\n<meta name=\"twitter:card\" content=\"summary_large_image\" \/>\n<meta name=\"twitter:label1\" content=\"Tiempo de lectura\" \/>\n\t<meta name=\"twitter:data1\" content=\"7 minutos\" \/>\n<script type=\"application\/ld+json\" class=\"yoast-schema-graph\">{\"@context\":\"https:\\\/\\\/schema.org\",\"@graph\":[{\"@type\":\"WebPage\",\"@id\":\"https:\\\/\\\/www.homeownership-wa.org\\\/whrc-policies\\\/whrc-privacy-policy\\\/\",\"url\":\"https:\\\/\\\/www.homeownership-wa.org\\\/whrc-policies\\\/whrc-privacy-policy\\\/\",\"name\":\"WHRC Privacy Policy - Washington Homeownership Resource Center\",\"isPartOf\":{\"@id\":\"https:\\\/\\\/www.homeownership-wa.org\\\/#website\"},\"datePublished\":\"2024-05-30T14:20:17+00:00\",\"dateModified\":\"2025-05-09T02:42:50+00:00\",\"breadcrumb\":{\"@id\":\"https:\\\/\\\/www.homeownership-wa.org\\\/whrc-policies\\\/whrc-privacy-policy\\\/#breadcrumb\"},\"inLanguage\":\"es\",\"potentialAction\":[{\"@type\":\"ReadAction\",\"target\":[\"https:\\\/\\\/www.homeownership-wa.org\\\/whrc-policies\\\/whrc-privacy-policy\\\/\"]}]},{\"@type\":\"BreadcrumbList\",\"@id\":\"https:\\\/\\\/www.homeownership-wa.org\\\/whrc-policies\\\/whrc-privacy-policy\\\/#breadcrumb\",\"itemListElement\":[{\"@type\":\"ListItem\",\"position\":1,\"name\":\"Home\",\"item\":\"https:\\\/\\\/www.homeownership-wa.org\\\/\"},{\"@type\":\"ListItem\",\"position\":2,\"name\":\"WHRC Policies\",\"item\":\"https:\\\/\\\/www.homeownership-wa.org\\\/whrc-policies\\\/\"},{\"@type\":\"ListItem\",\"position\":3,\"name\":\"WHRC Privacy Policy\"}]},{\"@type\":\"WebSite\",\"@id\":\"https:\\\/\\\/www.homeownership-wa.org\\\/#website\",\"url\":\"https:\\\/\\\/www.homeownership-wa.org\\\/\",\"name\":\"Washington Homeownership Resource Center\",\"description\":\"You have homeownership goals. We can help you reach them.\",\"publisher\":{\"@id\":\"https:\\\/\\\/www.homeownership-wa.org\\\/#organization\"},\"potentialAction\":[{\"@type\":\"SearchAction\",\"target\":{\"@type\":\"EntryPoint\",\"urlTemplate\":\"https:\\\/\\\/www.homeownership-wa.org\\\/?s={search_term_string}\"},\"query-input\":{\"@type\":\"PropertyValueSpecification\",\"valueRequired\":true,\"valueName\":\"search_term_string\"}}],\"inLanguage\":\"es\"},{\"@type\":\"Organization\",\"@id\":\"https:\\\/\\\/www.homeownership-wa.org\\\/#organization\",\"name\":\"Washington Homeownership Resource Center\",\"url\":\"https:\\\/\\\/www.homeownership-wa.org\\\/\",\"logo\":{\"@type\":\"ImageObject\",\"inLanguage\":\"es\",\"@id\":\"https:\\\/\\\/www.homeownership-wa.org\\\/#\\\/schema\\\/logo\\\/image\\\/\",\"url\":\"https:\\\/\\\/www.homeownership-wa.org\\\/wp-content\\\/uploads\\\/2024\\\/05\\\/WHRC_Logo_2023_Cerulean_RGB_H.png\",\"contentUrl\":\"https:\\\/\\\/www.homeownership-wa.org\\\/wp-content\\\/uploads\\\/2024\\\/05\\\/WHRC_Logo_2023_Cerulean_RGB_H.png\",\"width\":10001,\"height\":2881,\"caption\":\"Washington Homeownership Resource Center\"},\"image\":{\"@id\":\"https:\\\/\\\/www.homeownership-wa.org\\\/#\\\/schema\\\/logo\\\/image\\\/\"}}]}<\/script>\n<!-- \/ Yoast SEO plugin. -->","yoast_head_json":{"title":"Pol\u00edtica de privacidad de WHRC - Centro de recursos para propietarios de vivienda de Washington","robots":{"index":"index","follow":"follow","max-snippet":"max-snippet:-1","max-image-preview":"max-image-preview:large","max-video-preview":"max-video-preview:-1"},"canonical":"https:\/\/www.homeownership-wa.org\/es\/whrc-policies\/whrc-privacy-policy\/","og_locale":"es_ES","og_type":"article","og_title":"WHRC Privacy Policy - Washington Homeownership Resource Center","og_url":"https:\/\/www.homeownership-wa.org\/es\/whrc-policies\/whrc-privacy-policy\/","og_site_name":"Washington Homeownership Resource Center","article_modified_time":"2025-05-09T02:42:50+00:00","twitter_card":"summary_large_image","twitter_misc":{"Tiempo de lectura":"7 minutos"},"schema":{"@context":"https:\/\/schema.org","@graph":[{"@type":"WebPage","@id":"https:\/\/www.homeownership-wa.org\/whrc-policies\/whrc-privacy-policy\/","url":"https:\/\/www.homeownership-wa.org\/whrc-policies\/whrc-privacy-policy\/","name":"Pol\u00edtica de privacidad de WHRC - Centro de recursos para propietarios de vivienda de Washington","isPartOf":{"@id":"https:\/\/www.homeownership-wa.org\/#website"},"datePublished":"2024-05-30T14:20:17+00:00","dateModified":"2025-05-09T02:42:50+00:00","breadcrumb":{"@id":"https:\/\/www.homeownership-wa.org\/whrc-policies\/whrc-privacy-policy\/#breadcrumb"},"inLanguage":"es","potentialAction":[{"@type":"ReadAction","target":["https:\/\/www.homeownership-wa.org\/whrc-policies\/whrc-privacy-policy\/"]}]},{"@type":"BreadcrumbList","@id":"https:\/\/www.homeownership-wa.org\/whrc-policies\/whrc-privacy-policy\/#breadcrumb","itemListElement":[{"@type":"ListItem","position":1,"name":"Home","item":"https:\/\/www.homeownership-wa.org\/"},{"@type":"ListItem","position":2,"name":"WHRC Policies","item":"https:\/\/www.homeownership-wa.org\/whrc-policies\/"},{"@type":"ListItem","position":3,"name":"WHRC Privacy Policy"}]},{"@type":"WebSite","@id":"https:\/\/www.homeownership-wa.org\/#website","url":"https:\/\/www.homeownership-wa.org\/","name":"Centro de recursos para la propiedad de vivienda en Washington","description":"Tienes metas para ser propietario de una vivienda. Podemos ayudarte a alcanzarlas.","publisher":{"@id":"https:\/\/www.homeownership-wa.org\/#organization"},"potentialAction":[{"@type":"SearchAction","target":{"@type":"EntryPoint","urlTemplate":"https:\/\/www.homeownership-wa.org\/?s={search_term_string}"},"query-input":{"@type":"PropertyValueSpecification","valueRequired":true,"valueName":"search_term_string"}}],"inLanguage":"es"},{"@type":"Organization","@id":"https:\/\/www.homeownership-wa.org\/#organization","name":"Centro de recursos para la propiedad de vivienda en Washington","url":"https:\/\/www.homeownership-wa.org\/","logo":{"@type":"ImageObject","inLanguage":"es","@id":"https:\/\/www.homeownership-wa.org\/#\/schema\/logo\/image\/","url":"https:\/\/www.homeownership-wa.org\/wp-content\/uploads\/2024\/05\/WHRC_Logo_2023_Cerulean_RGB_H.png","contentUrl":"https:\/\/www.homeownership-wa.org\/wp-content\/uploads\/2024\/05\/WHRC_Logo_2023_Cerulean_RGB_H.png","width":10001,"height":2881,"caption":"Washington Homeownership Resource Center"},"image":{"@id":"https:\/\/www.homeownership-wa.org\/#\/schema\/logo\/image\/"}}]}},"_links":{"self":[{"href":"https:\/\/www.homeownership-wa.org\/es\/wp-json\/wp\/v2\/pages\/101","targetHints":{"allow":["GET"]}}],"collection":[{"href":"https:\/\/www.homeownership-wa.org\/es\/wp-json\/wp\/v2\/pages"}],"about":[{"href":"https:\/\/www.homeownership-wa.org\/es\/wp-json\/wp\/v2\/types\/page"}],"author":[{"embeddable":true,"href":"https:\/\/www.homeownership-wa.org\/es\/wp-json\/wp\/v2\/users\/7"}],"replies":[{"embeddable":true,"href":"https:\/\/www.homeownership-wa.org\/es\/wp-json\/wp\/v2\/comments?post=101"}],"version-history":[{"count":0,"href":"https:\/\/www.homeownership-wa.org\/es\/wp-json\/wp\/v2\/pages\/101\/revisions"}],"up":[{"embeddable":true,"href":"https:\/\/www.homeownership-wa.org\/es\/wp-json\/wp\/v2\/pages\/99"}],"wp:attachment":[{"href":"https:\/\/www.homeownership-wa.org\/es\/wp-json\/wp\/v2\/media?parent=101"}],"curies":[{"name":"gracias","href":"https:\/\/api.w.org\/{rel}","templated":true}]}}