{"id":102,"date":"2021-01-15T07:21:11","date_gmt":"2021-01-15T15:21:11","guid":{"rendered":"https:\/\/washingtonhome.wpengine.com\/?page_id=102"},"modified":"2024-06-05T17:22:28","modified_gmt":"2024-06-06T00:22:28","slug":"portal-end-user-license-agreement","status":"publish","type":"page","link":"https:\/\/www.homeownership-wa.org\/vi\/whrc-policies\/portal-end-user-license-agreement\/","title":{"rendered":"Th\u1ecfa thu\u1eadn c\u1ea5p ph\u00e9p ng\u01b0\u1eddi d\u00f9ng cu\u1ed1i c\u1ee7a C\u1ed5ng th\u00f4ng tin"},"content":{"rendered":"<div class=\"wpb-content-wrapper\"><div data-parent=\"true\" class=\"vc_row row-container\" id=\"row-unique-0\"><div class=\"row limit-width row-parent\"><div class=\"wpb_row row-inner\"><div class=\"wpb_column pos-top pos-center align_left column_parent col-lg-12 single-internal-gutter\"><div class=\"uncol style-light\"  ><div class=\"uncoltable\"><div class=\"uncell no-block-padding\" ><div class=\"uncont\" ><div class=\"vc_custom_heading_wrap\"><div class=\"heading-text el-text\" ><h1 class=\"h4 fontspace-177060 text-uppercase\" ><span>Th\u1ecfa thu\u1eadn c\u1ea5p ph\u00e9p ng\u01b0\u1eddi d\u00f9ng cu\u1ed1i c\u1ee7a C\u1ed5ng th\u00f4ng tin<\/span><\/h1><\/div><div class=\"clear\"><\/div><\/div><div class=\"uncode_text_column\" ><p>Vi\u1ec7c b\u1ea1n s\u1eed d\u1ee5ng ph\u1ea7n m\u1ec1m trong c\u1ed5ng th\u00f4ng tin d\u1ef1a tr\u00ean web n\u00e0y (\u201cC\u1ed5ng th\u00f4ng tin\u201d) \u0111\u01b0\u1ee3c c\u1ea5p ph\u00e9p t\u1eeb Trung t\u00e2m Ngu\u1ed3n l\u1ef1c S\u1edf h\u1eefu Nh\u00e0 \u1edf Washington, m\u1ed9t t\u1ed5 ch\u1ee9c phi l\u1ee3i nhu\u1eadn 501 (c)3, c\u00f3 tr\u1ee5 s\u1edf t\u1ea1i 5101 14th Ave. NW, Suite 315, Seattle, WA 98107 (\u201cWHRC\u201d, \u201cch\u00fang t\u00f4i\u201d v\u00e0 \u201cch\u00fang t\u00f4i\u201d) v\u00e0 ph\u1ea3i tu\u00e2n theo th\u1ecfa thu\u1eadn c\u1ea5p ph\u00e9p ng\u01b0\u1eddi d\u00f9ng cu\u1ed1i sau (\u201cEULA\u201d). N\u1ebfu b\u1ea1n kh\u00f4ng \u0111\u1ed3ng \u00fd b\u1ecb r\u00e0ng bu\u1ed9c b\u1edfi EULA, b\u1ea1n kh\u00f4ng \u0111\u01b0\u1ee3c truy c\u1eadp ho\u1eb7c s\u1eed d\u1ee5ng C\u1ed5ng th\u00f4ng tin.<\/p>\n<p>C\u1ed5ng th\u00f4ng tin \u0111\u01b0\u1ee3c c\u1ea5p ph\u00e9p cho b\u1ea1n, kh\u00f4ng \u0111\u01b0\u1ee3c b\u00e1n. Hi\u1ec7n t\u1ea1i ho\u1eb7c trong t\u01b0\u01a1ng lai c\u00f3 th\u1ec3 c\u00f3 c\u00e1c b\u1ea3n c\u1eadp nh\u1eadt ho\u1eb7c ph\u1ea7n m\u1ec1m m\u1edbi tr\u1edf th\u00e0nh m\u1ed9t ph\u1ea7n ho\u1eb7c \u0111i k\u00e8m v\u1edbi C\u1ed5ng th\u00f4ng tin v\u00e0 c\u00f3 th\u1ec3 ph\u1ea3i tu\u00e2n theo (c\u00e1c) th\u1ecfa thu\u1eadn c\u1ea5p ph\u00e9p ri\u00eang v\u00e0 trong tr\u01b0\u1eddng h\u1ee3p \u0111\u00f3, c\u00e1c \u0111i\u1ec1u kho\u1ea3n c\u1ee7a (c\u00e1c) th\u1ecfa thu\u1eadn c\u1ea5p ph\u00e9p ri\u00eang \u0111\u00f3 s\u1ebd chi ph\u1ed1i vi\u1ec7c b\u1ea1n s\u1eed d\u1ee5ng nh\u1eefng s\u1ea3n ph\u1ea9m \u0111\u00f3. Ch\u00fang t\u00f4i b\u1ea3o l\u01b0u m\u1ecdi quy\u1ec1n kh\u00f4ng \u0111\u01b0\u1ee3c c\u1ea5p r\u00f5 r\u00e0ng cho b\u1ea1n. Ch\u00fang t\u00f4i c\u1ea5p cho b\u1ea1n gi\u1ea5y ph\u00e9p c\u00f3 gi\u1edbi h\u1ea1n, kh\u00f4ng th\u1ec3 chuy\u1ec3n nh\u01b0\u1ee3ng \u0111\u1ec3 s\u1eed d\u1ee5ng C\u1ed5ng \u0111\u01b0\u1ee3c truy c\u1eadp qua Internet tr\u00ean m\u00e1y t\u00ednh ho\u1eb7c thi\u1ebft b\u1ecb kh\u00e1c m\u00e0 b\u1ea1n s\u1edf h\u1eefu ho\u1eb7c \u0111\u01b0\u1ee3c ph\u00e9p s\u1eed d\u1ee5ng. B\u1ea1n kh\u00f4ng \u0111\u01b0\u1ee3c (i) sao ch\u00e9p C\u1ed5ng th\u00f4ng tin, (ii) thu\u00ea, cho thu\u00ea, cho m\u01b0\u1ee3n, b\u00e1n, ph\u00e2n ph\u1ed1i l\u1ea1i ho\u1eb7c c\u1ea5p ph\u00e9p l\u1ea1i cho gi\u1ea5y ph\u00e9p s\u1eed d\u1ee5ng C\u1ed5ng th\u00f4ng tin c\u1ee7a b\u1ea1n ho\u1eb7c (iii) sao ch\u00e9p, d\u1ecbch ng\u01b0\u1ee3c, \u0111\u1ea3o ng\u01b0\u1ee3c k\u1ef9 thu\u1eadt, th\u00e1o r\u1eddi, c\u1ed1 g\u1eafng l\u1ea5y m\u00e3 ngu\u1ed3n c\u1ee7a, s\u1eeda \u0111\u1ed5i ho\u1eb7c t\u1ea1o c\u00e1c t\u00e1c ph\u1ea9m ph\u00e1i sinh c\u1ee7a C\u1ed5ng th\u00f4ng tin ho\u1eb7c b\u1ea5t k\u1ef3 ph\u1ea7n n\u00e0o trong \u0111\u00f3 (ngo\u1ea1i tr\u1eeb v\u00e0 ch\u1ec9 trong ph\u1ea1m vi m\u1ecdi h\u1ea1n ch\u1ebf n\u00eau tr\u00ean b\u1ecb c\u1ea5m theo lu\u1eadt hi\u1ec7n h\u00e0nh ho\u1eb7c trong ph\u1ea1m vi c\u00f3 th\u1ec3 \u0111\u01b0\u1ee3c cho ph\u00e9p b\u1edfi c\u00e1c \u0111i\u1ec1u kho\u1ea3n c\u1ea5p ph\u00e9p chi ph\u1ed1i vi\u1ec7c s\u1eed d\u1ee5ng b\u1ea5t k\u1ef3 ngu\u1ed3n m\u1edf n\u00e0o c\u00e1c th\u00e0nh ph\u1ea7n \u0111i k\u00e8m v\u1edbi C\u1ed5ng th\u00f4ng tin). EULA n\u00e0y s\u1ebd chi ph\u1ed1i vi\u1ec7c b\u1ea1n s\u1eed d\u1ee5ng b\u1ea5t k\u1ef3 b\u1ea3n c\u1eadp nh\u1eadt ho\u1eb7c n\u00e2ng c\u1ea5p n\u00e0o \u0111\u1ed1i v\u1edbi C\u1ed5ng th\u00f4ng tin tr\u1eeb khi ch\u00fang t\u00f4i cung c\u1ea5p gi\u1ea5y ph\u00e9p m\u1edbi cho b\u1ea1n c\u00f9ng v\u1edbi b\u1ea3n c\u1eadp nh\u1eadt ho\u1eb7c n\u00e2ng c\u1ea5p, trong tr\u01b0\u1eddng h\u1ee3p \u0111\u00f3 gi\u1ea5y ph\u00e9p m\u1edbi s\u1ebd ki\u1ec3m so\u00e1t.<\/p>\n<p>EULA n\u00e0y s\u1ebd v\u1eabn c\u00f3 hi\u1ec7u l\u1ef1c cho \u0111\u1ebfn khi b\u1ea1n ho\u1eb7c ch\u00fang t\u00f4i ch\u1ea5m d\u1ee9t n\u00f3. EULA n\u00e0y s\u1ebd t\u1ef1 \u0111\u1ed9ng ch\u1ea5m d\u1ee9t m\u00e0 kh\u00f4ng c\u1ea7n th\u00f4ng b\u00e1o th\u00eam n\u1ebfu b\u1ea1n vi ph\u1ea1m b\u1ea5t k\u1ef3 \u0111i\u1ec1u kho\u1ea3n n\u00e0o trong \u0111\u00f3. Sau khi ch\u1ea5m d\u1ee9t, b\u1ea1n s\u1ebd ng\u1eebng m\u1ecdi vi\u1ec7c s\u1eed d\u1ee5ng C\u1ed5ng v\u00e0 h\u1ee7y t\u1ea5t c\u1ea3 c\u00e1c b\u1ea3n sao c\u1ee7a n\u00f3 (to\u00e0n b\u1ed9 ho\u1eb7c m\u1ed9t ph\u1ea7n) m\u00e0 b\u1ea1n s\u1edf h\u1eefu ho\u1eb7c ki\u1ec3m so\u00e1t.<\/p>\n<p>C\u1ed5ng th\u00f4ng tin c\u00f3 th\u1ec3 cung c\u1ea5p quy\u1ec1n truy c\u1eadp v\u00e0o c\u00e1c trang web v\u00e0 d\u1ecbch v\u1ee5 c\u1ee7a b\u00ean th\u1ee9 ba m\u00e0 b\u1ea1n th\u1eeba nh\u1eadn r\u1eb1ng ch\u00fang t\u00f4i kh\u00f4ng ki\u1ec3m so\u00e1t v\u00e0 ch\u00fang t\u00f4i t\u1eeb ch\u1ed1i m\u1ecdi tr\u00e1ch nhi\u1ec7m. B\u1ea1n ph\u1ea3i t\u1ef1 ch\u1ecbu r\u1ee7i ro khi s\u1eed d\u1ee5ng c\u00e1c d\u1ecbch v\u1ee5 \u0111\u00f3 v\u00e0 c\u00e1c trang web c\u1ee7a b\u00ean th\u1ee9 ba. Ch\u00fang t\u00f4i c\u00f3 quy\u1ec1n thay \u0111\u1ed5i, \u0111\u00ecnh ch\u1ec9, x\u00f3a ho\u1eb7c v\u00f4 hi\u1ec7u h\u00f3a quy\u1ec1n truy c\u1eadp c\u1ee7a b\u1ea1n v\u00e0o C\u1ed5ng b\u1ea5t c\u1ee9 l\u00fac n\u00e0o m\u00e0 kh\u00f4ng c\u1ea7n th\u00f4ng b\u00e1o v\u00e0 trong m\u1ecdi tr\u01b0\u1eddng h\u1ee3p, ch\u00fang t\u00f4i s\u1ebd kh\u00f4ng ch\u1ecbu tr\u00e1ch nhi\u1ec7m v\u1edbi b\u1ea1n ho\u1eb7c b\u1ea5t k\u1ef3 b\u00ean n\u00e0o kh\u00e1c v\u1ec1 b\u1ea5t k\u1ef3 t\u1ed5n th\u1ea5t ho\u1eb7c thi\u1ec7t h\u1ea1i n\u00e0o khi l\u00e0m nh\u01b0 v\u1eady.<\/p>\n<p>B\u1ea0N TH\u1eeaA NH\u1eacN R\u00d5 R\u00c0NG R\u1eb0NG B\u1ea0N T\u1ef0 CH\u1ecaU R\u1ee6I RO KHI S\u1eec D\u1ee4NG C\u1ed4NG V\u00c0 R\u1eb0NG TO\u00c0N B\u1ed8 R\u1ee6I RO V\u1ec0 CH\u1ea4T L\u01af\u1ee2NG, HI\u1ec6U SU\u1ea4T, \u0110\u1ed8 CH\u00cdNH X\u00c1C V\u00c0 S\u1ee8C M\u1ea0NH \u0110\u1eb8P L\u1ea0I \u0111\u1ec1u thu\u1ed9c v\u1ec1 B\u1ea0N. CH\u00daNG T\u00d4I C\u00d3 TH\u1ec2 CUNG C\u1ea4P TH\u00d4NG TIN B\u1ea0N G\u1eecI CHO CH\u00daNG T\u00d4I QUA C\u1ed4NG C\u1ed4NG \u0110\u1ebeN C\u00c1C B\u00caN TH\u1ee8 BA B\u1ea0N CH\u1ec8 \u0110\u1ecaNH. B\u1ea0N N\u00caN THAM KH\u1ea2O TH\u00d4NG B\u00c1O QUY\u1ec0N RI\u00caNG T\u01af C\u1ee6A NH\u00c0 CUNG C\u1ea4P N\u1ebeU B\u1ea0N C\u00d3 C\u00c2U H\u1eceI V\u1ec0 C\u00c1CH H\u1ecc X\u1eec L\u00dd D\u1eee LI\u1ec6U C\u1ee6A B\u1ea0N. TRONG PH\u1ea0M VI T\u1ed0I \u0110A \u0110\u01af\u1ee2C LU\u1eacT HI\u1ec6N H\u00c0NH CHO PH\u00c9P, C\u1ed4NG V\u00c0 B\u1ea4T K\u1ef2 D\u1ecaCH V\u1ee4 N\u00c0O \u0110\u01af\u1ee2C TH\u1ef0C HI\u1ec6N HO\u1eb6C CUNG C\u1ea4P B\u1edeI C\u1ed4NG (\u201cD\u1ecaCH V\u1ee4\u201d) \u0110\u01af\u1ee2C CUNG C\u1ea4P \u201cNGUY\u00caN TR\u1ea0NG\u201d V\u00c0 \u201cNH\u01af C\u00d3 S\u1eb4N\u201d, V\u1edaI T\u1ea4T C\u1ea2 L\u1ed6I V\u00c0 KH\u00d4NG C\u00d3 B\u1ea4T K\u1ef2 H\u00ccNH TH\u1ee8C B\u1ea2O \u0110\u1ea2M N\u00c0O V\u00c0 CH\u00daNG T\u00d4I THEO \u0110\u00c2Y T\u1eea CH\u1ed0I T\u1ea4T C\u1ea2 C\u00c1C B\u1ea2O \u0110\u1ea2M V\u00c0 \u0110I\u1ec0U KI\u1ec6N LI\u00caN QUAN \u0110\u1ebeN C\u1ed4NG V\u00c0 B\u1ea4T K\u1ef2 D\u1ecaCH V\u1ee4 N\u00c0O, D\u00d9 R\u00d5 R\u00c0NG, NG\u1ee4 \u00dd HAY THEO LU\u1eacT \u0110\u1ecaNH, BAO G\u1ed2M NH\u01afNG KH\u00d4NG GI\u1edaI H\u1ea0N \u1ede C\u00c1C B\u1ea2O \u0110\u1ea2M NG\u1ee4 \u00dd V\u00c0\/HO\u1eb6C \u0110I\u1ec0U KI\u1ec6N V\u1ec0 KH\u1ea2 N\u0102NG B\u00c1N, CH\u1ea4T L\u01af\u1ee2NG \u0110\u00c1P \u1ee8NG, S\u1ef0 PH\u00d9 H\u1ee2P CHO M\u1ed8T M\u1ee4C \u0110\u00cdCH C\u1ee4 TH\u1ec2, C\u1ee6A CH\u00cdNH X\u00c1C, T\u1eacN H\u01af\u1edeNG Y\u00caN T\u0128NH V\u00c0 KH\u00d4NG X\u00c2M PH\u1ea0M QUY\u1ec0N C\u1ee6A B\u00caN TH\u1ee8 BA. CH\u00daNG T\u00d4I KH\u00d4NG B\u1ea2O \u0110\u1ea2M CH\u1ed0NG L\u1ea0I S\u1ef0 CAN THI\u1ec6P \u0110\u1ebeN VI\u1ec6C B\u1ea0N THAM GIA C\u1ed4NG, M\u00c0 C\u00c1C CH\u1ee8C N\u0102NG C\u00d3 TRONG, HO\u1eb6C D\u1ecaCH V\u1ee4 S\u1ebc \u0110\u00c1P \u1ee8NG Y\u00caU C\u1ea6U C\u1ee6A B\u1ea0N, R\u1eb0NG V\u1eacN H\u00c0NH C\u1ee6A C\u1ed4NG HO\u1eb6C D\u1ecaCH V\u1ee4 S\u1ebc KH\u00d4NG B\u1eca GI\u00c1N \u0110O\u1ea0N HO\u1eb6C KH\u00d4NG C\u00d3 L\u1ed6I, HO\u1eb6C L\u1ed6I KH\u1ed4 TRONG C\u1ed4NG HO\u1eb6C D\u1ecaCH V\u1ee4 S\u1ebc \u0110\u01af\u1ee2C S\u1eecA CH\u1eeeA. KH\u00d4NG C\u00d3 TH\u00d4NG TIN HO\u1eb6C T\u01af V\u1ea4N B\u1eb0NG MI\u1ec6NG HO\u1eb6C V\u0102N B\u1ea2N N\u00c0O C\u1ee6A CH\u00daNG T\u00d4I HO\u1eb6C \u0110\u1ea0I DI\u1ec6N \u0110\u01af\u1ee2C \u1ee6Y QUY\u1ec0N C\u1ee6A CH\u00daNG T\u00d4I S\u1ebc T\u1ea0O RA M\u1ed8T \u0110\u1ea2M B\u1ea2O. M\u1ed8T S\u1ed0 QUY\u1ec0N V\u1ec0 QUY\u1ec0N L\u1ee2I KH\u00d4NG CHO PH\u00c9P LO\u1ea0I TR\u1eea C\u00c1C B\u1ea2O \u0110\u1ea2M NG\u1ee4 \u00dd HO\u1eb6C GI\u1edaI H\u1ea0N V\u1ec0 C\u00c1C QUY\u1ec0N THEO LU\u1eacT \u00c1P D\u1ee4NG C\u1ee6A NG\u01af\u1edcI TI\u00caU D\u00d9NG, V\u00cc V\u1eacY, C\u00c1C LO\u1ea0I TR\u1eea V\u00c0 GI\u1edaI H\u1ea0N TR\u00caN C\u00d3 TH\u1ec2 KH\u00d4NG \u00c1P D\u1ee4NG. TRONG PH\u1ea0M VI PH\u00c1P LU\u1eacT KH\u00d4NG C\u1ea4M, TRONG M\u1eccI TR\u01af\u1edcNG H\u1ee2P CH\u00daNG T\u00d4I S\u1ebc KH\u00d4NG CH\u1ecaU TR\u00c1CH NHI\u1ec6M V\u1ec0 TH\u01af\u01a0NG T\u00cdCH C\u00c1 NH\u00c2N HO\u1eb6C B\u1ea4T K\u1ef2 THI\u1ec6T H\u1ea0I NG\u1eaaU NHI\u00caN, \u0110\u1eb6C BI\u1ec6T, GI\u00c1N TI\u1ebeP HO\u1eb6C DO H\u1eacU QU\u1ea2 N\u00c0O, BAO G\u1ed2M, KH\u00d4NG GI\u1edaI H\u1ea0N, THI\u1ec6T H\u1ea0I V\u1ec0 M\u1ea4T L\u1ee2I NHU\u1eacN, M\u1ea4T HO\u1eb6C TI\u1ebeT L\u1ed8 D\u1eee LI\u1ec6U (BAO G\u1ed2M KH\u00d4NG GI\u1edaI H\u1ea0N) D\u1eee LI\u1ec6U C\u00c1 NH\u00c2N HO\u1eb6C TH\u00d4NG TIN), GI\u00c1N \u0110O\u1ea0N KINH DOANH HO\u1eb6C B\u1ea4T K\u1ef2 THI\u1ec6T H\u1ea0I HO\u1eb6C M\u1ea4T M\u00c1T TH\u01af\u01a0NG M\u1ea0I N\u00c0O KH\u00c1C PH\u00c1T SINH T\u1eea HO\u1eb6C LI\u00caN QUAN \u0110\u1ebeN VI\u1ec6C S\u1eec D\u1ee4NG C\u1ee6A B\u1ea0N HO\u1eb6C KH\u00d4NG C\u00d3 KH\u1ea2 N\u0102NG S\u1eec D\u1ee4NG C\u1ed4NG, TUY NHI\u00caN G\u00c2Y RA, B\u1ea4T C\u1ee8 L\u00dd THUY\u1ebeT TR\u00c1CH NHI\u1ec6M PH\u00c1P L\u00dd (H\u1ee2P \u0110\u1ed2NG, VI\u1ec6C L\u1ea0I HO\u1eb6C C\u00c1C KH\u00c1C) V\u00c0 NGAY C\u1ea2 KHI CH\u00daNG T\u00d4I \u0110\u00c3 \u0110\u01af\u1ee2C T\u01af V\u1ea4N V\u1ec0 Kh\u1ea3 n\u0103ng x\u1ea3y ra nh\u1eefng THI\u1ec6T H\u1ea0I \u0110\u00d3. M\u1ed8T S\u1ed0 QUY\u1ec0N QUY\u1ec0N KH\u00d4NG CHO PH\u00c9P GI\u1edaI H\u1ea0N TR\u00c1CH NHI\u1ec6M PH\u00c1P L\u00dd \u0110\u1ed0I V\u1edaI TH\u01af\u01a0NG T\u00cdCH C\u00c1 NH\u00c2N HO\u1eb6C THI\u1ec6T H\u1ea0I NG\u1eaaU NHI\u00caN HO\u1eb6C DO H\u1eacU QU\u1ea2, V\u00cc V\u1eacY, GI\u1edaI H\u1ea0N N\u00c0Y C\u00d3 TH\u1ec2 KH\u00d4NG \u00c1P D\u1ee4NG CHO B\u1ea0N.<\/p>\n<p>Trong m\u1ecdi tr\u01b0\u1eddng h\u1ee3p, t\u1ed5ng tr\u00e1ch nhi\u1ec7m ph\u00e1p l\u00fd c\u1ee7a ch\u00fang t\u00f4i \u0111\u1ed1i v\u1edbi m\u1ecdi thi\u1ec7t h\u1ea1i (tr\u1eeb tr\u01b0\u1eddng h\u1ee3p lu\u1eadt hi\u1ec7n h\u00e0nh c\u00f3 th\u1ec3 y\u00eau c\u1ea7u) s\u1ebd kh\u00f4ng v\u01b0\u1ee3t qu\u00e1 25 \u0111\u00f4 la ($25.00). Nh\u1eefng h\u1ea1n ch\u1ebf n\u00eau tr\u00ean s\u1ebd \u0111\u01b0\u1ee3c \u00e1p d\u1ee5ng ngay c\u1ea3 khi bi\u1ec7n ph\u00e1p kh\u1eafc ph\u1ee5c n\u00eau tr\u00ean kh\u00f4ng \u0111\u1ea1t \u0111\u01b0\u1ee3c m\u1ee5c \u0111\u00edch thi\u1ebft y\u1ebfu.<\/p>\n<\/div><\/div><\/div><\/div><\/div><\/div><script id=\"script-row-unique-0\" data-row=\"script-row-unique-0\" type=\"text\/javascript\" class=\"vc_controls\">UNCODE.initRow(document.getElementById(\"row-unique-0\"));<\/script><\/div><\/div><\/div>\n<\/div>","protected":false},"excerpt":{"rendered":"Portal\u00a0End User\u00a0License\u00a0AgreementYour\u00a0use\u00a0of\u00a0the\u00a0software\u00a0in this web-based portal\u00a0(\u201cPortal\u201d)\u00a0is under\u00a0license\u00a0from the Washington Homeownership Resource Center,\u00a0a\u00a0non-profit 501 (c)3 organization, located\u00a0at 5101 14th Ave. NW, Suite [...]","protected":false},"author":5,"featured_media":0,"parent":99,"menu_order":0,"comment_status":"closed","ping_status":"closed","template":"","meta":{"_monsterinsights_skip_tracking":false,"_monsterinsights_sitenote_active":false,"_monsterinsights_sitenote_note":"","_monsterinsights_sitenote_category":0,"_uf_show_specific_survey":0,"_uf_disable_surveys":false,"footnotes":""},"class_list":["post-102","page","type-page","status-publish","hentry"],"yoast_head":"<!-- This site is optimized with the Yoast SEO plugin v27.5 - https:\/\/yoast.com\/product\/yoast-seo-wordpress\/ -->\n<title>Portal End User License Agreement - Washington Homeownership Resource Center<\/title>\n<meta name=\"robots\" content=\"index, follow, max-snippet:-1, max-image-preview:large, max-video-preview:-1\" \/>\n<link rel=\"canonical\" href=\"https:\/\/www.homeownership-wa.org\/vi\/whrc-policies\/portal-end-user-license-agreement\/\" \/>\n<meta property=\"og:locale\" content=\"vi_VN\" \/>\n<meta property=\"og:type\" content=\"article\" \/>\n<meta property=\"og:title\" content=\"Portal End User License Agreement - Washington Homeownership Resource Center\" \/>\n<meta property=\"og:url\" content=\"https:\/\/www.homeownership-wa.org\/vi\/whrc-policies\/portal-end-user-license-agreement\/\" \/>\n<meta property=\"og:site_name\" content=\"Washington Homeownership Resource Center\" \/>\n<meta property=\"article:modified_time\" content=\"2024-06-06T00:22:28+00:00\" \/>\n<meta name=\"twitter:card\" content=\"summary_large_image\" \/>\n<meta name=\"twitter:label1\" content=\"\u01af\u1edbc t\u00ednh th\u1eddi gian \u0111\u1ecdc\" \/>\n\t<meta name=\"twitter:data1\" content=\"4 ph\u00fat\" \/>\n<script type=\"application\/ld+json\" class=\"yoast-schema-graph\">{\"@context\":\"https:\\\/\\\/schema.org\",\"@graph\":[{\"@type\":\"WebPage\",\"@id\":\"https:\\\/\\\/www.homeownership-wa.org\\\/whrc-policies\\\/portal-end-user-license-agreement\\\/\",\"url\":\"https:\\\/\\\/www.homeownership-wa.org\\\/whrc-policies\\\/portal-end-user-license-agreement\\\/\",\"name\":\"Portal End User License Agreement - Washington Homeownership Resource Center\",\"isPartOf\":{\"@id\":\"https:\\\/\\\/www.homeownership-wa.org\\\/#website\"},\"datePublished\":\"2021-01-15T15:21:11+00:00\",\"dateModified\":\"2024-06-06T00:22:28+00:00\",\"breadcrumb\":{\"@id\":\"https:\\\/\\\/www.homeownership-wa.org\\\/whrc-policies\\\/portal-end-user-license-agreement\\\/#breadcrumb\"},\"inLanguage\":\"vi\",\"potentialAction\":[{\"@type\":\"ReadAction\",\"target\":[\"https:\\\/\\\/www.homeownership-wa.org\\\/whrc-policies\\\/portal-end-user-license-agreement\\\/\"]}]},{\"@type\":\"BreadcrumbList\",\"@id\":\"https:\\\/\\\/www.homeownership-wa.org\\\/whrc-policies\\\/portal-end-user-license-agreement\\\/#breadcrumb\",\"itemListElement\":[{\"@type\":\"ListItem\",\"position\":1,\"name\":\"Home\",\"item\":\"https:\\\/\\\/www.homeownership-wa.org\\\/\"},{\"@type\":\"ListItem\",\"position\":2,\"name\":\"WHRC Policies\",\"item\":\"https:\\\/\\\/www.homeownership-wa.org\\\/whrc-policies\\\/\"},{\"@type\":\"ListItem\",\"position\":3,\"name\":\"Portal End User License Agreement\"}]},{\"@type\":\"WebSite\",\"@id\":\"https:\\\/\\\/www.homeownership-wa.org\\\/#website\",\"url\":\"https:\\\/\\\/www.homeownership-wa.org\\\/\",\"name\":\"Washington Homeownership Resource Center\",\"description\":\"You have homeownership goals. We can help you reach them.\",\"publisher\":{\"@id\":\"https:\\\/\\\/www.homeownership-wa.org\\\/#organization\"},\"potentialAction\":[{\"@type\":\"SearchAction\",\"target\":{\"@type\":\"EntryPoint\",\"urlTemplate\":\"https:\\\/\\\/www.homeownership-wa.org\\\/?s={search_term_string}\"},\"query-input\":{\"@type\":\"PropertyValueSpecification\",\"valueRequired\":true,\"valueName\":\"search_term_string\"}}],\"inLanguage\":\"vi\"},{\"@type\":\"Organization\",\"@id\":\"https:\\\/\\\/www.homeownership-wa.org\\\/#organization\",\"name\":\"Washington Homeownership Resource Center\",\"url\":\"https:\\\/\\\/www.homeownership-wa.org\\\/\",\"logo\":{\"@type\":\"ImageObject\",\"inLanguage\":\"vi\",\"@id\":\"https:\\\/\\\/www.homeownership-wa.org\\\/#\\\/schema\\\/logo\\\/image\\\/\",\"url\":\"https:\\\/\\\/www.homeownership-wa.org\\\/wp-content\\\/uploads\\\/2024\\\/05\\\/WHRC_Logo_2023_Cerulean_RGB_H.png\",\"contentUrl\":\"https:\\\/\\\/www.homeownership-wa.org\\\/wp-content\\\/uploads\\\/2024\\\/05\\\/WHRC_Logo_2023_Cerulean_RGB_H.png\",\"width\":10001,\"height\":2881,\"caption\":\"Washington Homeownership Resource Center\"},\"image\":{\"@id\":\"https:\\\/\\\/www.homeownership-wa.org\\\/#\\\/schema\\\/logo\\\/image\\\/\"}}]}<\/script>\n<!-- \/ Yoast SEO plugin. -->","yoast_head_json":{"title":"Th\u1ecfa thu\u1eadn c\u1ea5p ph\u00e9p ng\u01b0\u1eddi d\u00f9ng cu\u1ed1i c\u1ee7a c\u1ed5ng th\u00f4ng tin - Trung t\u00e2m t\u00e0i nguy\u00ean s\u1edf h\u1eefu nh\u00e0 \u1edf Washington","robots":{"index":"index","follow":"follow","max-snippet":"max-snippet:-1","max-image-preview":"max-image-preview:large","max-video-preview":"max-video-preview:-1"},"canonical":"https:\/\/www.homeownership-wa.org\/vi\/whrc-policies\/portal-end-user-license-agreement\/","og_locale":"vi_VN","og_type":"article","og_title":"Portal End User License Agreement - Washington Homeownership Resource Center","og_url":"https:\/\/www.homeownership-wa.org\/vi\/whrc-policies\/portal-end-user-license-agreement\/","og_site_name":"Washington Homeownership Resource Center","article_modified_time":"2024-06-06T00:22:28+00:00","twitter_card":"summary_large_image","twitter_misc":{"\u01af\u1edbc t\u00ednh th\u1eddi gian \u0111\u1ecdc":"4 ph\u00fat"},"schema":{"@context":"https:\/\/schema.org","@graph":[{"@type":"WebPage","@id":"https:\/\/www.homeownership-wa.org\/whrc-policies\/portal-end-user-license-agreement\/","url":"https:\/\/www.homeownership-wa.org\/whrc-policies\/portal-end-user-license-agreement\/","name":"Th\u1ecfa thu\u1eadn c\u1ea5p ph\u00e9p ng\u01b0\u1eddi d\u00f9ng cu\u1ed1i c\u1ee7a c\u1ed5ng th\u00f4ng tin - Trung t\u00e2m t\u00e0i nguy\u00ean s\u1edf h\u1eefu nh\u00e0 \u1edf Washington","isPartOf":{"@id":"https:\/\/www.homeownership-wa.org\/#website"},"datePublished":"2021-01-15T15:21:11+00:00","dateModified":"2024-06-06T00:22:28+00:00","breadcrumb":{"@id":"https:\/\/www.homeownership-wa.org\/whrc-policies\/portal-end-user-license-agreement\/#breadcrumb"},"inLanguage":"vi","potentialAction":[{"@type":"ReadAction","target":["https:\/\/www.homeownership-wa.org\/whrc-policies\/portal-end-user-license-agreement\/"]}]},{"@type":"BreadcrumbList","@id":"https:\/\/www.homeownership-wa.org\/whrc-policies\/portal-end-user-license-agreement\/#breadcrumb","itemListElement":[{"@type":"ListItem","position":1,"name":"Home","item":"https:\/\/www.homeownership-wa.org\/"},{"@type":"ListItem","position":2,"name":"WHRC Policies","item":"https:\/\/www.homeownership-wa.org\/whrc-policies\/"},{"@type":"ListItem","position":3,"name":"Portal End User License Agreement"}]},{"@type":"WebSite","@id":"https:\/\/www.homeownership-wa.org\/#website","url":"https:\/\/www.homeownership-wa.org\/","name":"Trung t\u00e2m T\u00e0i nguy\u00ean S\u1edf h\u1eefu Nh\u00e0 \u1edf Washington","description":"B\u1ea1n c\u00f3 m\u1ee5c ti\u00eau s\u1edf h\u1eefu nh\u00e0. Ch\u00fang t\u00f4i c\u00f3 th\u1ec3 gi\u00fap b\u1ea1n \u0111\u1ea1t \u0111\u01b0\u1ee3c m\u1ee5c ti\u00eau \u0111\u00f3.","publisher":{"@id":"https:\/\/www.homeownership-wa.org\/#organization"},"potentialAction":[{"@type":"SearchAction","target":{"@type":"EntryPoint","urlTemplate":"https:\/\/www.homeownership-wa.org\/?s={search_term_string}"},"query-input":{"@type":"PropertyValueSpecification","valueRequired":true,"valueName":"search_term_string"}}],"inLanguage":"vi"},{"@type":"Organization","@id":"https:\/\/www.homeownership-wa.org\/#organization","name":"Trung t\u00e2m T\u00e0i nguy\u00ean S\u1edf h\u1eefu Nh\u00e0 \u1edf Washington","url":"https:\/\/www.homeownership-wa.org\/","logo":{"@type":"ImageObject","inLanguage":"vi","@id":"https:\/\/www.homeownership-wa.org\/#\/schema\/logo\/image\/","url":"https:\/\/www.homeownership-wa.org\/wp-content\/uploads\/2024\/05\/WHRC_Logo_2023_Cerulean_RGB_H.png","contentUrl":"https:\/\/www.homeownership-wa.org\/wp-content\/uploads\/2024\/05\/WHRC_Logo_2023_Cerulean_RGB_H.png","width":10001,"height":2881,"caption":"Washington Homeownership Resource Center"},"image":{"@id":"https:\/\/www.homeownership-wa.org\/#\/schema\/logo\/image\/"}}]}},"_links":{"self":[{"href":"https:\/\/www.homeownership-wa.org\/vi\/wp-json\/wp\/v2\/pages\/102","targetHints":{"allow":["GET"]}}],"collection":[{"href":"https:\/\/www.homeownership-wa.org\/vi\/wp-json\/wp\/v2\/pages"}],"about":[{"href":"https:\/\/www.homeownership-wa.org\/vi\/wp-json\/wp\/v2\/types\/page"}],"author":[{"embeddable":true,"href":"https:\/\/www.homeownership-wa.org\/vi\/wp-json\/wp\/v2\/users\/5"}],"replies":[{"embeddable":true,"href":"https:\/\/www.homeownership-wa.org\/vi\/wp-json\/wp\/v2\/comments?post=102"}],"version-history":[{"count":0,"href":"https:\/\/www.homeownership-wa.org\/vi\/wp-json\/wp\/v2\/pages\/102\/revisions"}],"up":[{"embeddable":true,"href":"https:\/\/www.homeownership-wa.org\/vi\/wp-json\/wp\/v2\/pages\/99"}],"wp:attachment":[{"href":"https:\/\/www.homeownership-wa.org\/vi\/wp-json\/wp\/v2\/media?parent=102"}],"curies":[{"name":"wp","href":"https:\/\/api.w.org\/{rel}","templated":true}]}}