{"id":678,"date":"2023-08-04T09:55:28","date_gmt":"2023-08-04T16:55:28","guid":{"rendered":"https:\/\/www.homeownership-wa.org\/?page_id=678"},"modified":"2025-10-27T14:35:15","modified_gmt":"2025-10-27T21:35:15","slug":"contact","status":"publish","type":"page","link":"https:\/\/www.homeownership-wa.org\/vi\/contact\/","title":{"rendered":"Li\u00ean h\u1ec7"},"content":{"rendered":"<div class=\"wpb-content-wrapper\"><div data-parent=\"true\" class=\"vc_row has-bg need-focus style-color-303133-bg row-container with-parallax\" id=\"row-unique-0\"><div class=\"row-background background-element\">\n\t\t\t\t\t\t\t\t\t\t\t<div class=\"background-wrapper\">\n\t\t\t\t\t\t\t\t\t\t\t\t<div class=\"background-inner\" style=\"background-image: url(https:\/\/www.homeownership-wa.org\/wp-content\/uploads\/2021\/01\/home-view-web.jpg);background-repeat: no-repeat;background-position: center center;background-size: cover;\"><\/div>\n\t\t\t\t\t\t\t\t\t\t\t\t<div class=\"block-bg-overlay style-color-1b1d1f-bg\" style=\"opacity: 0.64;\"><\/div>\n\t\t\t\t\t\t\t\t\t\t\t<\/div>\n\t\t\t\t\t\t\t\t\t\t<\/div><div class=\"row limit-width row-parent\" data-height-ratio=\"50\"><div class=\"wpb_row row-inner\"><div class=\"wpb_column pos-middle pos-center align_center column_parent col-lg-12 single-internal-gutter\"><div class=\"uncol style-light\"  ><div class=\"uncoltable\" style=\"min-height: 30vh;\"><div class=\"uncell no-block-padding\" ><div class=\"uncont\" ><div class=\"empty-space empty-single\" ><span class=\"empty-space-inner\"><\/span><\/div>\n<div class=\"vc_custom_heading_wrap\"><div class=\"heading-text el-text\" ><h1 class=\"h1 font-weight-600 text-color-ffffff-color\" ><span>Li\u00ean h\u1ec7 ch\u00fang t\u00f4i<\/span><\/h1><\/div><div class=\"clear\"><\/div><\/div><div class=\"vc_custom_heading_wrap\"><div class=\"heading-text el-text\" ><h2 class=\"h5 fontspace-177060 font-weight-600 text-color-ffffff-color text-uppercase\" ><span>\u0110\u1ed1i v\u1edbi ng\u01b0\u1eddi mua nh\u00e0 ho\u1eb7c h\u1ed7 tr\u1ee3 ch\u1ee7 s\u1edf h\u1eefu nh\u00e0<\/span><\/h2><\/div><div class=\"clear\"><\/div><\/div><\/div><\/div><\/div><\/div><\/div><script id=\"script-row-unique-0\" data-row=\"script-row-unique-0\" type=\"text\/javascript\" class=\"vc_controls\">UNCODE.initRow(document.getElementById(\"row-unique-0\"));<\/script><\/div><\/div><\/div><div data-parent=\"true\" class=\"vc_row row-container\" id=\"row-unique-1\"><div class=\"row unequal-flex col-double-gutter double-top-padding double-bottom-padding double-h-padding full-width row-parent\"><div class=\"wpb_row row-inner\"><div class=\"wpb_column pos-top pos-center align_left column_parent col-lg-12 single-internal-gutter\"><div class=\"uncol style-light\" style=\"max-width:80%; margin-left:auto; margin-right:auto;\"  ><div class=\"uncoltable\"><div class=\"uncell no-block-padding\" ><div class=\"uncont\" ><div class=\"vc_row row-internal row-container\"><div class=\"row unequal row-child\"><div class=\"wpb_row shift_y_neg_quad row-inner\"><div class=\"wpb_column pos-top pos-center align_left column_child col-lg-4 single-internal-gutter\"><div class=\"uncol style-light\" ><div class=\"uncoltable\"><div class=\"uncell single-block-padding style-color-ffffff-bg  unradius-xl\" ><div class=\"uncont\" ><div class=\"vc_custom_heading_wrap\"><div class=\"heading-text el-text\" ><h3 class=\"h5 fontspace-177060 font-weight-600 text-accent-color text-uppercase\" ><span><a href=\"\/vi\/\u0111i\u1ec7n tho\u1ea1i:877-894-4663\/\">\u0110\u01b0\u1eddng d\u00e2y n\u00f3ng<\/a><\/span><\/h3><\/div><div class=\"clear\"><\/div><\/div><div class=\"uncode_text_column text-small\" ><p>\u0110\u01b0\u1eddng d\u00e2y n\u00f3ng c\u1ee7a ch\u00fang t\u00f4i \u0111\u00e3 m\u1edf <strong>Th\u1ee9 hai th\u1ee9 S\u00e1u<\/strong> t\u1eeb <strong>8 gi\u1edd s\u00e1ng \u2013 5 gi\u1edd chi\u1ec1u<\/strong>. D\u1ecbch v\u1ee5 th\u00f4ng d\u1ecbch mi\u1ec5n ph\u00ed \u0111\u01b0\u1ee3c cung c\u1ea5p cho h\u01a1n 220 ng\u00f4n ng\u1eef.<\/p>\n<\/div><span class=\"btn-container\" ><a role=\"button\"  href=\"\/vi\/\u0111i\u1ec7n tho\u1ea1i:877-894-4663\/\" class=\"custom-link btn border-width-0 btn-color-303133 btn-outline btn-icon-left\" title=\"877-894-4663\"><i class=\"fa fa-phone\"><\/i>877-894-4663<\/a><\/span><\/div><\/div><\/div><\/div><\/div><div class=\"wpb_column pos-top pos-center align_left column_child col-lg-4 single-internal-gutter\"><div class=\"uncol style-light\" ><div class=\"uncoltable\"><div class=\"uncell single-block-padding style-color-ffffff-bg  unradius-xl\" ><div class=\"uncont\" ><div class=\"vc_custom_heading_wrap\"><div class=\"heading-text el-text\" ><h3 class=\"h5 fontspace-177060 font-weight-600 text-accent-color text-uppercase\" ><span><a href=\"https:\/\/form.jotform.com\/221147626100039\">\u0110\u1ec3 l\u1ea1i l\u1eddi nh\u1eafn<\/a><\/span><\/h3><\/div><div class=\"clear\"><\/div><\/div><div class=\"uncode_text_column text-small\" ><p>Cung c\u1ea5p th\u00f4ng tin li\u00ean h\u1ec7 c\u1ee7a b\u1ea1n tr\u00ean bi\u1ec3u m\u1eabu c\u00f9ng v\u1edbi m\u1ed9t tin nh\u1eafn ng\u1eafn v\u00e0 ch\u00fang t\u00f4i s\u1ebd g\u1ecdi l\u1ea1i cho b\u1ea1n trong v\u00f2ng hai ng\u00e0y l\u00e0m vi\u1ec7c.<\/p>\n<\/div><span class=\"btn-container\" ><a role=\"button\"  href=\"https:\/\/form.jotform.com\/221147626100039\" class=\"custom-link btn border-width-0 btn-color-303133 btn-outline btn-icon-left\" title=\"Nh\u1eafn tin cho ch\u00fang t\u00f4i\"><i class=\"fa fa-envelope3\"><\/i>Nh\u1eafn tin cho ch\u00fang t\u00f4i<\/a><\/span><\/div><\/div><\/div><\/div><\/div><div class=\"wpb_column pos-top pos-center align_left column_child col-lg-4 single-internal-gutter\"><div class=\"uncol style-light\" ><div class=\"uncoltable\"><div class=\"uncell single-block-padding style-color-ffffff-bg  unradius-xl\" ><div class=\"uncont\" ><div class=\"vc_custom_heading_wrap\"><div class=\"heading-text el-text\" ><h3 class=\"h5 fontspace-177060 font-weight-600 text-accent-color text-uppercase\" ><span><a href=\"https:\/\/whrc.tighten.co\/auth\/register\">C\u1ed5ng th\u00f4ng tin tr\u1ef1c tuy\u1ebfn<\/a><\/span><\/h3><\/div><div class=\"clear\"><\/div><\/div><div class=\"uncode_text_column text-small\" ><p>H\u1ed7 tr\u1ee3 ng\u01b0\u1eddi mua nh\u00e0 c\u00f3 s\u1eb5n th\u00f4ng qua C\u1ed5ng th\u00f4ng tin s\u1edf h\u1eefu nh\u00e0 tr\u1ef1c tuy\u1ebfn c\u1ee7a ch\u00fang t\u00f4i. T\u1ea1o m\u1ed9t t\u00e0i kho\u1ea3n an to\u00e0n, duy\u1ec7t c\u00e1c d\u1ecbch v\u1ee5 ph\u00f9 h\u1ee3p v\u1edbi nhu c\u1ea7u c\u1ee7a b\u1ea1n v\u00e0 y\u00eau c\u1ea7u tr\u1ee3 gi\u00fap m\u1ed9t c\u00e1ch thu\u1eadn ti\u1ec7n.<\/p>\n<\/div><span class=\"btn-container\" ><a role=\"button\"  href=\"https:\/\/whrc.tighten.co\/auth\/register\" class=\"custom-link btn border-width-0 btn-color-303133 btn-outline btn-icon-left\"><i class=\"fa fa-external-link\"><\/i>C\u1ed4NG WHRC<\/a><\/span><\/div><\/div><\/div><\/div><\/div><\/div><\/div><\/div><\/div><\/div><\/div><\/div><\/div><script id=\"script-row-unique-1\" data-row=\"script-row-unique-1\" type=\"text\/javascript\" class=\"vc_controls\">UNCODE.initRow(document.getElementById(\"row-unique-1\"));<\/script><\/div><\/div><\/div><div data-parent=\"true\" class=\"vc_row has-bg need-focus style-color-646393-bg row-container\" id=\"row-unique-2\"><div class=\"row double-top-padding double-bottom-padding exa-h-padding full-width row-parent\"><div class=\"wpb_row row-inner\"><div class=\"wpb_column pos-top pos-center align_left column_parent col-lg-12 single-internal-gutter\"><div class=\"uncol style-light\"  ><div class=\"uncoltable\"><div class=\"uncell no-block-padding\" ><div class=\"uncont\" ><div class=\"vc_custom_heading_wrap\"><div class=\"heading-text el-text\" ><h3 class=\"font-947412 h5 font-weight-700 text-text_color-859841-color text-uppercase\" ><span>\u0110\u1ed1i v\u1edbi c\u01a1 h\u1ed9i h\u1ee3p t\u00e1c<\/span><\/h3><\/div><div class=\"clear\"><\/div><\/div><div class=\"vc_row row-internal row-container\"><div class=\"row row-child\"><div class=\"wpb_row row-inner\"><div class=\"wpb_column pos-top pos-center align_left column_child col-lg-12 single-internal-gutter\"><div class=\"uncol style-light\" ><div class=\"uncoltable\"><div class=\"uncell no-block-padding\" ><div class=\"uncont\" ><div class=\"uncode_text_column text-text_color-171965-color\" ><p>WHRC l\u00e0 ngu\u1ed3n cung c\u1ea5p th\u00f4ng tin v\u00e0 s\u1ef1 h\u1ed7 tr\u1ee3 c\u1ee7a ng\u01b0\u1eddi mua nh\u00e0 v\u00e0 ch\u1ee7 nh\u00e0 tr\u00ean to\u00e0n ti\u1ec3u bang. \u0110i\u1ec1u \u0111\u00f3 s\u1ebd kh\u00f4ng th\u1ec3 th\u1ef1c hi\u1ec7n \u0111\u01b0\u1ee3c n\u1ebfu kh\u00f4ng c\u00f3 s\u1ee9c m\u1ea1nh v\u00e0 s\u1ef1 s\u00e2u s\u1eafc trong quan h\u1ec7 \u0111\u1ed1i t\u00e1c c\u1ee7a ch\u00fang t\u00f4i v\u1edbi c\u00e1c \u0111\u1ea1i l\u00fd cung c\u1ea5p c\u00e1c d\u1ecbch v\u1ee5 thi\u1ebft y\u1ebfu n\u00e0y. \u0110\u1ed1i v\u1edbi c\u00e1c y\u00eau c\u1ea7u v\u1ec1 quan h\u1ec7 \u0111\u1ed1i t\u00e1c, truy\u1ec1n th\u00f4ng, ph\u00e1t tri\u1ec3n ho\u1eb7c li\u00ean quan, vui l\u00f2ng li\u00ean h\u1ec7 v\u1edbi ch\u00fang t\u00f4i theo \u0111\u1ecba ch\u1ec9 <a href=\"mailto:partnerships@homeownership-wa.org\">partnerships@homeownership-wa.org<\/a>.<\/p>\n<\/div><\/div><\/div><\/div><\/div><\/div><\/div><\/div><\/div><\/div><\/div><\/div><\/div><\/div><script id=\"script-row-unique-2\" data-row=\"script-row-unique-2\" type=\"text\/javascript\" class=\"vc_controls\">UNCODE.initRow(document.getElementById(\"row-unique-2\"));<\/script><\/div><\/div><\/div>\n<\/div>","protected":false},"excerpt":{"rendered":"Contact UsFor Homebuyer or Homeowner AssistanceHotlineOur hotline is open Monday &#8211; Friday from 8 am &#8211; 5 pm. Free interpretation [...]","protected":false},"author":5,"featured_media":0,"parent":0,"menu_order":0,"comment_status":"closed","ping_status":"closed","template":"","meta":{"_monsterinsights_skip_tracking":false,"_monsterinsights_sitenote_active":false,"_monsterinsights_sitenote_note":"","_monsterinsights_sitenote_category":0,"_uf_show_specific_survey":0,"_uf_disable_surveys":false,"footnotes":""},"class_list":["post-678","page","type-page","status-publish","hentry"],"yoast_head":"<!-- This site is optimized with the Yoast SEO plugin v27.3 - https:\/\/yoast.com\/product\/yoast-seo-wordpress\/ -->\n<title>Contact - Washington Homeownership Resource Center<\/title>\n<meta name=\"robots\" content=\"index, follow, max-snippet:-1, max-image-preview:large, max-video-preview:-1\" \/>\n<link rel=\"canonical\" href=\"https:\/\/www.homeownership-wa.org\/vi\/contact\/\" \/>\n<meta property=\"og:locale\" content=\"vi_VN\" \/>\n<meta property=\"og:type\" content=\"article\" \/>\n<meta property=\"og:title\" content=\"Contact - Washington Homeownership Resource Center\" \/>\n<meta property=\"og:url\" content=\"https:\/\/www.homeownership-wa.org\/vi\/contact\/\" \/>\n<meta property=\"og:site_name\" content=\"Washington Homeownership Resource Center\" \/>\n<meta property=\"article:modified_time\" content=\"2025-10-27T21:35:15+00:00\" \/>\n<meta name=\"twitter:card\" content=\"summary_large_image\" \/>\n<meta name=\"twitter:label1\" content=\"\u01af\u1edbc t\u00ednh th\u1eddi gian \u0111\u1ecdc\" \/>\n\t<meta name=\"twitter:data1\" content=\"2 ph\u00fat\" \/>\n<script type=\"application\/ld+json\" class=\"yoast-schema-graph\">{\"@context\":\"https:\\\/\\\/schema.org\",\"@graph\":[{\"@type\":\"WebPage\",\"@id\":\"https:\\\/\\\/www.homeownership-wa.org\\\/contact\\\/\",\"url\":\"https:\\\/\\\/www.homeownership-wa.org\\\/contact\\\/\",\"name\":\"Contact - Washington Homeownership Resource Center\",\"isPartOf\":{\"@id\":\"https:\\\/\\\/www.homeownership-wa.org\\\/#website\"},\"datePublished\":\"2023-08-04T16:55:28+00:00\",\"dateModified\":\"2025-10-27T21:35:15+00:00\",\"breadcrumb\":{\"@id\":\"https:\\\/\\\/www.homeownership-wa.org\\\/contact\\\/#breadcrumb\"},\"inLanguage\":\"vi\",\"potentialAction\":[{\"@type\":\"ReadAction\",\"target\":[\"https:\\\/\\\/www.homeownership-wa.org\\\/contact\\\/\"]}]},{\"@type\":\"BreadcrumbList\",\"@id\":\"https:\\\/\\\/www.homeownership-wa.org\\\/contact\\\/#breadcrumb\",\"itemListElement\":[{\"@type\":\"ListItem\",\"position\":1,\"name\":\"Home\",\"item\":\"https:\\\/\\\/www.homeownership-wa.org\\\/\"},{\"@type\":\"ListItem\",\"position\":2,\"name\":\"Contact\"}]},{\"@type\":\"WebSite\",\"@id\":\"https:\\\/\\\/www.homeownership-wa.org\\\/#website\",\"url\":\"https:\\\/\\\/www.homeownership-wa.org\\\/\",\"name\":\"Washington Homeownership Resource Center\",\"description\":\"You have homeownership goals. We can help you reach them.\",\"publisher\":{\"@id\":\"https:\\\/\\\/www.homeownership-wa.org\\\/#organization\"},\"potentialAction\":[{\"@type\":\"SearchAction\",\"target\":{\"@type\":\"EntryPoint\",\"urlTemplate\":\"https:\\\/\\\/www.homeownership-wa.org\\\/?s={search_term_string}\"},\"query-input\":{\"@type\":\"PropertyValueSpecification\",\"valueRequired\":true,\"valueName\":\"search_term_string\"}}],\"inLanguage\":\"vi\"},{\"@type\":\"Organization\",\"@id\":\"https:\\\/\\\/www.homeownership-wa.org\\\/#organization\",\"name\":\"Washington Homeownership Resource Center\",\"url\":\"https:\\\/\\\/www.homeownership-wa.org\\\/\",\"logo\":{\"@type\":\"ImageObject\",\"inLanguage\":\"vi\",\"@id\":\"https:\\\/\\\/www.homeownership-wa.org\\\/#\\\/schema\\\/logo\\\/image\\\/\",\"url\":\"https:\\\/\\\/www.homeownership-wa.org\\\/wp-content\\\/uploads\\\/2024\\\/05\\\/WHRC_Logo_2023_Cerulean_RGB_H.png\",\"contentUrl\":\"https:\\\/\\\/www.homeownership-wa.org\\\/wp-content\\\/uploads\\\/2024\\\/05\\\/WHRC_Logo_2023_Cerulean_RGB_H.png\",\"width\":10001,\"height\":2881,\"caption\":\"Washington Homeownership Resource Center\"},\"image\":{\"@id\":\"https:\\\/\\\/www.homeownership-wa.org\\\/#\\\/schema\\\/logo\\\/image\\\/\"}}]}<\/script>\n<!-- \/ Yoast SEO plugin. -->","yoast_head_json":{"title":"Li\u00ean h\u1ec7 - Trung t\u00e2m T\u00e0i nguy\u00ean S\u1edf h\u1eefu Nh\u00e0 \u1edf Washington","robots":{"index":"index","follow":"follow","max-snippet":"max-snippet:-1","max-image-preview":"max-image-preview:large","max-video-preview":"max-video-preview:-1"},"canonical":"https:\/\/www.homeownership-wa.org\/vi\/contact\/","og_locale":"vi_VN","og_type":"article","og_title":"Contact - Washington Homeownership Resource Center","og_url":"https:\/\/www.homeownership-wa.org\/vi\/contact\/","og_site_name":"Washington Homeownership Resource Center","article_modified_time":"2025-10-27T21:35:15+00:00","twitter_card":"summary_large_image","twitter_misc":{"\u01af\u1edbc t\u00ednh th\u1eddi gian \u0111\u1ecdc":"2 ph\u00fat"},"schema":{"@context":"https:\/\/schema.org","@graph":[{"@type":"WebPage","@id":"https:\/\/www.homeownership-wa.org\/contact\/","url":"https:\/\/www.homeownership-wa.org\/contact\/","name":"Li\u00ean h\u1ec7 - Trung t\u00e2m T\u00e0i nguy\u00ean S\u1edf h\u1eefu Nh\u00e0 \u1edf Washington","isPartOf":{"@id":"https:\/\/www.homeownership-wa.org\/#website"},"datePublished":"2023-08-04T16:55:28+00:00","dateModified":"2025-10-27T21:35:15+00:00","breadcrumb":{"@id":"https:\/\/www.homeownership-wa.org\/contact\/#breadcrumb"},"inLanguage":"vi","potentialAction":[{"@type":"ReadAction","target":["https:\/\/www.homeownership-wa.org\/contact\/"]}]},{"@type":"BreadcrumbList","@id":"https:\/\/www.homeownership-wa.org\/contact\/#breadcrumb","itemListElement":[{"@type":"ListItem","position":1,"name":"Home","item":"https:\/\/www.homeownership-wa.org\/"},{"@type":"ListItem","position":2,"name":"Contact"}]},{"@type":"WebSite","@id":"https:\/\/www.homeownership-wa.org\/#website","url":"https:\/\/www.homeownership-wa.org\/","name":"Trung t\u00e2m T\u00e0i nguy\u00ean S\u1edf h\u1eefu Nh\u00e0 \u1edf Washington","description":"B\u1ea1n c\u00f3 m\u1ee5c ti\u00eau s\u1edf h\u1eefu nh\u00e0. Ch\u00fang t\u00f4i c\u00f3 th\u1ec3 gi\u00fap b\u1ea1n \u0111\u1ea1t \u0111\u01b0\u1ee3c m\u1ee5c ti\u00eau \u0111\u00f3.","publisher":{"@id":"https:\/\/www.homeownership-wa.org\/#organization"},"potentialAction":[{"@type":"SearchAction","target":{"@type":"EntryPoint","urlTemplate":"https:\/\/www.homeownership-wa.org\/?s={search_term_string}"},"query-input":{"@type":"PropertyValueSpecification","valueRequired":true,"valueName":"search_term_string"}}],"inLanguage":"vi"},{"@type":"Organization","@id":"https:\/\/www.homeownership-wa.org\/#organization","name":"Trung t\u00e2m T\u00e0i nguy\u00ean S\u1edf h\u1eefu Nh\u00e0 \u1edf Washington","url":"https:\/\/www.homeownership-wa.org\/","logo":{"@type":"ImageObject","inLanguage":"vi","@id":"https:\/\/www.homeownership-wa.org\/#\/schema\/logo\/image\/","url":"https:\/\/www.homeownership-wa.org\/wp-content\/uploads\/2024\/05\/WHRC_Logo_2023_Cerulean_RGB_H.png","contentUrl":"https:\/\/www.homeownership-wa.org\/wp-content\/uploads\/2024\/05\/WHRC_Logo_2023_Cerulean_RGB_H.png","width":10001,"height":2881,"caption":"Washington Homeownership Resource Center"},"image":{"@id":"https:\/\/www.homeownership-wa.org\/#\/schema\/logo\/image\/"}}]}},"_links":{"self":[{"href":"https:\/\/www.homeownership-wa.org\/vi\/wp-json\/wp\/v2\/pages\/678","targetHints":{"allow":["GET"]}}],"collection":[{"href":"https:\/\/www.homeownership-wa.org\/vi\/wp-json\/wp\/v2\/pages"}],"about":[{"href":"https:\/\/www.homeownership-wa.org\/vi\/wp-json\/wp\/v2\/types\/page"}],"author":[{"embeddable":true,"href":"https:\/\/www.homeownership-wa.org\/vi\/wp-json\/wp\/v2\/users\/5"}],"replies":[{"embeddable":true,"href":"https:\/\/www.homeownership-wa.org\/vi\/wp-json\/wp\/v2\/comments?post=678"}],"version-history":[{"count":0,"href":"https:\/\/www.homeownership-wa.org\/vi\/wp-json\/wp\/v2\/pages\/678\/revisions"}],"wp:attachment":[{"href":"https:\/\/www.homeownership-wa.org\/vi\/wp-json\/wp\/v2\/media?parent=678"}],"curies":[{"name":"wp","href":"https:\/\/api.w.org\/{rel}","templated":true}]}}