{"id":704,"date":"2023-08-14T13:31:34","date_gmt":"2023-08-14T20:31:34","guid":{"rendered":"https:\/\/www.homeownership-wa.org\/?page_id=704"},"modified":"2026-05-14T11:14:29","modified_gmt":"2026-05-14T18:14:29","slug":"home-repair-and-modification-assistance","status":"publish","type":"page","link":"https:\/\/www.homeownership-wa.org\/vi\/for-homeowners\/home-repair-and-modification-assistance\/","title":{"rendered":"H\u1ed7 tr\u1ee3 s\u1eeda ch\u1eefa v\u00e0 s\u1eeda \u0111\u1ed5i nh\u00e0"},"content":{"rendered":"<div class=\"wpb-content-wrapper\"><div data-parent=\"true\" class=\"vc_row inverted-device-order row-container with-parallax\" id=\"row-unique-0\"><div class=\"row-background background-element\">\n\t\t\t\t\t\t\t\t\t\t\t<div class=\"background-wrapper\">\n\t\t\t\t\t\t\t\t\t\t\t\t<div class=\"background-inner\" style=\"background-image: url(https:\/\/www.homeownership-wa.org\/wp-content\/uploads\/2023\/08\/AdobeStock_82265451-scaled.jpeg);background-repeat: no-repeat;background-position: center center;background-size: cover;\"><\/div>\n\t\t\t\t\t\t\t\t\t\t\t\t<div class=\"block-bg-overlay style-color-1b1d1f-bg\" style=\"opacity: 0.75;\"><\/div>\n\t\t\t\t\t\t\t\t\t\t\t<\/div>\n\t\t\t\t\t\t\t\t\t\t<\/div><div class=\"row double-top-padding triple-bottom-padding single-h-padding limit-width row-parent\"><div class=\"wpb_row row-inner\"><div class=\"wpb_column pos-top pos-center align_center column_parent col-lg-12 single-internal-gutter\"><div class=\"uncol style-spec style-dark\"  ><div class=\"uncoltable\"><div class=\"uncell no-block-padding\" ><div class=\"uncont\" ><div class=\"vc_row row-internal row-container\"><div class=\"row row-child\"><div class=\"wpb_row row-inner\"><div class=\"wpb_column pos-top pos-center align_center column_child col-lg-12 single-internal-gutter\"><div class=\"uncol style-spec style-dark\" ><div class=\"uncoltable\"><div class=\"uncell double-block-padding\" ><div class=\"uncont\" style=\" max-width:70%;\" ><div class=\"vc_custom_heading_wrap\"><div class=\"heading-text el-text\" ><h1 class=\"font-635512 h1 fontspace-994669 font-weight-600\" ><span>H\u1ed7 tr\u1ee3 s\u1eeda ch\u1eefa v\u00e0 s\u1eeda \u0111\u1ed5i nh\u00e0<\/span><\/h1><\/div><div class=\"clear\"><\/div><\/div><\/div><\/div><\/div><\/div><\/div><\/div><\/div><\/div><div class=\"vc_row inverted-device-order row-internal row-container\"><div class=\"row unequal col-half-gutter row-child\"><div class=\"wpb_row row-inner\"><div class=\"wpb_column pos-middle pos-center align_left column_child col-lg-6 single-internal-gutter\"><div class=\"uncol style-light\" ><div class=\"uncoltable\"><div class=\"uncell double-block-padding style-color-ffffff-bg  unradius-hg\" ><div class=\"uncont\" style=\" max-width:90%;\" ><div class=\"vc_custom_heading_wrap\"><div class=\"heading-text el-text\" ><h2 class=\"font-635512 h3 font-weight-600 text-accent-color\" ><span>S\u1eeda ch\u1eefa nh\u00e0 c\u00f3 th\u1ec3 v\u1eeba t\u1ed1n k\u00e9m v\u1eeba c\u1ea5p b\u00e1ch.<\/span><\/h2><\/div><div class=\"clear\"><\/div><\/div><div class=\"uncode_text_column\" ><p>N\u1ebfu b\u1ea1n \u0111ang g\u1eb7p kh\u00f3 kh\u0103n trong vi\u1ec7c trang tr\u1ea3i chi ph\u00ed s\u1eeda ch\u1eefa nh\u00e0 c\u1ea7n thi\u1ebft ho\u1eb7c c\u1ea7n tr\u1ee3 gi\u00fap \u0111\u1ec3 s\u1eeda \u0111\u1ed5i ng\u00f4i nh\u00e0 c\u1ee7a m\u00ecnh, ch\u1eb3ng h\u1ea1n nh\u01b0 l\u1eafp \u0111\u1eb7t thanh v\u1ecbn ho\u1eb7c \u0111\u01b0\u1eddng d\u1ed1c d\u00e0nh cho xe l\u0103n, WHRC c\u00f3 th\u1ec3 gi\u00fap k\u1ebft n\u1ed1i b\u1ea1n v\u1edbi c\u00e1c ch\u01b0\u01a1ng tr\u00ecnh trong khu v\u1ef1c ph\u00f9 h\u1ee3p v\u1edbi nhu c\u1ea7u ri\u00eang c\u1ee7a b\u1ea1n.<\/p>\n<p><strong>T\u00ecm hi\u1ec3u th\u00eam v\u1ec1 nh\u1eefng h\u1ed7 tr\u1ee3 c\u00f3 th\u1ec3 c\u00f3 s\u1eb5n cho b\u1ea1n. <\/strong>Call our hotline at <a href=\"tel:1-877-894-4663\">877-894-4663<\/a> or send us a message to talk with an information &amp; referral specialist.<\/p>\n<\/div><\/div><\/div><\/div><\/div><\/div><div class=\"wpb_column pos-top pos-center align_left column_child col-lg-6 single-internal-gutter\"><div class=\"uncol style-light\" ><div class=\"uncoltable\"><div class=\"uncell single-block-padding  unradius-hg\" ><div class=\"column-background background-element\">\n\t\t\t\t\t\t\t\t\t\t\t<div class=\"background-wrapper\">\n\t\t\t\t\t\t\t\t\t\t\t\t<div class=\"background-inner\" style=\"background-image: url(https:\/\/www.homeownership-wa.org\/wp-content\/uploads\/2023\/08\/AdobeStock_601287259-scaled.jpeg);background-repeat: no-repeat;background-position: center center;background-size: cover;\" data-o_src=\"https:\/\/www.homeownership-wa.org\/wp-content\/uploads\/2023\/08\/AdobeStock_601287259-scaled.jpeg\"><\/div>\n\t\t\t\t\t\t\t\t\t\t\t\t\n\t\t\t\t\t\t\t\t\t\t\t<\/div>\n\t\t\t\t\t\t\t\t\t\t<\/div><div class=\"uncont\" ><\/div><\/div><\/div><\/div><\/div><\/div><\/div><\/div><\/div><\/div><\/div><\/div><\/div><script id=\"script-row-unique-0\" data-row=\"script-row-unique-0\" type=\"text\/javascript\" class=\"vc_controls\">UNCODE.initRow(document.getElementById(\"row-unique-0\"));<\/script><\/div><\/div><\/div><div data-parent=\"true\" class=\"vc_row has-bg need-focus style-color-165755-bg row-container\" id=\"row-unique-2\"><div class=\"row-background background-element\">\n\t\t\t\t\t\t\t\t\t\t\t<div class=\"background-wrapper\">\n\t\t\t\t\t\t\t\t\t\t\t\t<div class=\"background-inner\" style=\"background-image: url(https:\/\/www.homeownership-wa.org\/wp-content\/uploads\/2023\/08\/WHRC_Seamless_FPO_white.png);background-repeat: no-repeat;background-position: center top;background-attachment: scroll;background-size: cover;\"><\/div>\n\t\t\t\t\t\t\t\t\t\t\t\t<div class=\"block-bg-overlay style-color-165755-bg\" style=\"opacity: 0.91;\"><\/div>\n\t\t\t\t\t\t\t\t\t\t\t<\/div>\n\t\t\t\t\t\t\t\t\t\t<\/div><div class=\"row single-top-padding single-bottom-padding quad-h-padding full-width row-parent\" data-height-ratio=\"25\"><div class=\"wpb_row row-inner\"><div class=\"wpb_column pos-middle pos-left align_left column_parent col-lg-6 half-internal-gutter\"><div class=\"uncol style-spec style-dark\"  ><div class=\"uncoltable\"><div class=\"uncell no-block-padding\" ><div class=\"uncont\" style=\" max-width:90%;\" ><div class=\"vc_custom_heading_wrap\"><div class=\"heading-text el-text\" ><h4 class=\"font-635512 h5 fontspace-177060 font-weight-600 text-color-ffffff-color text-uppercase\" ><span>B\u1ea1n c\u00f3 c\u1ea7n s\u1ef1 gi\u00fap \u0111\u1ee1 b\u00e2y gi\u1edd kh\u00f4ng?<\/span><\/h4><div class=\"text-top-reduced\"><p>Call our hotline number or fill out a message form to contact us. Free interpretation services are available by phone in over 220 languages.<\/p>\n<\/div><\/div><div class=\"clear\"><\/div><\/div><\/div><\/div><\/div><\/div><\/div><div class=\"wpb_column pos-middle pos-center align_center column_parent col-lg-3 single-internal-gutter\"><div class=\"uncol style-spec style-dark\"  ><div class=\"uncoltable\"><div class=\"uncell no-block-padding\" ><div class=\"uncont\" ><span class=\"btn-container btn-block\" ><a role=\"button\"  href=\"\/vi\/\u0111i\u1ec7n tho\u1ea1i:877-894-4663\/\" class=\"custom-link btn btn-custom-typo font-635512 font-weight-600 text-uppercase fontspace-177060 border-width-0 btn-color-1b1d1f btn-flat btn-block btn-icon-left\" title=\"G\u1ecdi t\u1edbi \u0110\u01b0\u1eddng d\u00e2y n\u00f3ng WHRC\"><i class=\"fa fa-phone\"><\/i>Call 877-894-4663<\/a><\/span><\/div><\/div><\/div><\/div><\/div><div class=\"wpb_column pos-middle pos-center align_center column_parent col-lg-3 single-internal-gutter\"><div class=\"uncol style-light\"  ><div class=\"uncoltable\"><div class=\"uncell no-block-padding\" ><div class=\"uncont\" ><span class=\"btn-container btn-block\" ><a role=\"button\"  href=\"https:\/\/form.jotform.com\/221147626100039\" class=\"custom-link btn btn-custom-typo font-635512 font-weight-600 text-uppercase fontspace-177060 border-width-0 btn-color-1b1d1f btn-flat btn-block btn-icon-left\" title=\"Nh\u1eafn tin cho ch\u00fang t\u00f4i\"><i class=\"fa fa-envelope3\"><\/i>Nh\u1eafn tin cho ch\u00fang t\u00f4i<\/a><\/span><\/div><\/div><\/div><\/div><\/div><script id=\"script-row-unique-2\" data-row=\"script-row-unique-2\" type=\"text\/javascript\" class=\"vc_controls\">UNCODE.initRow(document.getElementById(\"row-unique-2\"));<\/script><\/div><\/div><\/div><div data-parent=\"true\" class=\"vc_row row-container\" id=\"row-unique-3\"><div class=\"row full-width row-parent\"><div class=\"wpb_row row-inner\"><div class=\"wpb_column pos-top pos-center align_left column_parent col-lg-6 single-internal-gutter\"><div class=\"uncol style-light\"  ><div class=\"uncoltable\"><div class=\"uncell no-block-padding\" ><div class=\"uncont\" ><div class=\"uncode-single-media  text-left\"><div class=\"single-wrapper\" style=\"max-width: 100%;\"><div class=\"tmb tmb-light  tmb-media-first tmb-media-last tmb-content-overlay tmb-no-bg\"><div class=\"t-inside\"><div class=\"t-entry-visual\"><div class=\"t-entry-visual-tc\"><div class=\"uncode-single-media-wrapper\"><img decoding=\"async\" class=\"wp-image-810\" src=\"https:\/\/www.homeownership-wa.org\/wp-content\/uploads\/2023\/08\/AdobeStock_620524808.jpeg\" width=\"7934\" height=\"5292\" alt=\"A young female homeowner in her house trying to stop a leak in her bathroom sink.\" srcset=\"https:\/\/www.homeownership-wa.org\/wp-content\/uploads\/2023\/08\/AdobeStock_620524808.jpeg 7934w, https:\/\/www.homeownership-wa.org\/wp-content\/uploads\/2023\/08\/AdobeStock_620524808-300x200.jpeg 300w, https:\/\/www.homeownership-wa.org\/wp-content\/uploads\/2023\/08\/AdobeStock_620524808-1024x683.jpeg 1024w, https:\/\/www.homeownership-wa.org\/wp-content\/uploads\/2023\/08\/AdobeStock_620524808-768x512.jpeg 768w, https:\/\/www.homeownership-wa.org\/wp-content\/uploads\/2023\/08\/AdobeStock_620524808-1536x1025.jpeg 1536w, https:\/\/www.homeownership-wa.org\/wp-content\/uploads\/2023\/08\/AdobeStock_620524808-18x12.jpeg 18w\" sizes=\"(max-width: 7934px) 100vw, 7934px\" \/><\/div>\n\t\t\t\t\t<\/div>\n\t\t\t\t<\/div><\/div><\/div><\/div><\/div><\/div><\/div><\/div><\/div><\/div><div class=\"wpb_column pos-middle pos-center align_left column_parent col-lg-6 single-internal-gutter\"><div class=\"uncol style-light\"  ><div class=\"uncoltable\"><div class=\"uncell no-block-padding\" ><div class=\"uncont\" style=\" max-width:75%;\" ><div class=\"vc_custom_heading_wrap\"><div class=\"heading-text el-text\" ><h2 class=\"font-635512 h3 text-accent-color\" ><span>Keeping up with home maintenance<\/span><\/h2><\/div><div class=\"clear\"><\/div><\/div><div class=\"uncode_text_column\" ><p>Many new homeowners may not realize that there are on-going maintenance needs associated with owning a home. When you rent, the majority of unforeseen problems such as water damage, clogged drains, or broken appliances are covered by the landlord. Keeping up on crucial preventative measures can help you save on your utility bills and avoid costly repairs later on.<\/p>\n<p>Use this <a href=\"https:\/\/www.homeownership-wa.org\/wp-content\/uploads\/2025\/05\/HHP_Maintenance_Chart.pdf\">Maintenance Checklist<\/a> as a guide to keeping your home in tip top shape.<\/p>\n<\/div><span class=\"btn-container\" ><a role=\"button\"  href=\"https:\/\/www.homeownership-wa.org\/wp-content\/uploads\/2025\/05\/HHP_Maintenance_Chart.pdf\" class=\"custom-link btn btn-link border-width-0 text-accent-color btn-icon-left\" title=\"Maintenance Checklist\" target=\"_blank\" rel=\"nofollow\"><i class=\"fa fa-calendar-check-o\"><\/i>Xem danh s\u00e1ch ki\u1ec3m tra<\/a><\/span><\/div><\/div><\/div><\/div><\/div><script id=\"script-row-unique-3\" data-row=\"script-row-unique-3\" type=\"text\/javascript\" class=\"vc_controls\">UNCODE.initRow(document.getElementById(\"row-unique-3\"));<\/script><\/div><\/div><\/div>\n<\/div>","protected":false},"excerpt":{"rendered":"Home Repair and Modification AssistanceHome repairs can be both costly and urgent.If you are struggling to afford necessary home repairs [...]","protected":false},"author":5,"featured_media":0,"parent":2289,"menu_order":0,"comment_status":"closed","ping_status":"closed","template":"","meta":{"_monsterinsights_skip_tracking":false,"_monsterinsights_sitenote_active":false,"_monsterinsights_sitenote_note":"","_monsterinsights_sitenote_category":0,"_uf_show_specific_survey":0,"_uf_disable_surveys":false,"footnotes":""},"class_list":["post-704","page","type-page","status-publish","hentry"],"yoast_head":"<!-- This site is optimized with the Yoast SEO plugin v27.6 - https:\/\/yoast.com\/product\/yoast-seo-wordpress\/ -->\n<title>Home Repair and Modification Assistance - Washington Homeownership Resource Center<\/title>\n<meta name=\"robots\" content=\"index, follow, max-snippet:-1, max-image-preview:large, max-video-preview:-1\" \/>\n<link rel=\"canonical\" href=\"https:\/\/www.homeownership-wa.org\/vi\/for-homeowners\/home-repair-and-modification-assistance\/\" \/>\n<meta property=\"og:locale\" content=\"vi_VN\" \/>\n<meta property=\"og:type\" content=\"article\" \/>\n<meta property=\"og:title\" content=\"Home Repair and Modification Assistance - Washington Homeownership Resource Center\" \/>\n<meta property=\"og:url\" content=\"https:\/\/www.homeownership-wa.org\/vi\/for-homeowners\/home-repair-and-modification-assistance\/\" \/>\n<meta property=\"og:site_name\" content=\"Washington Homeownership Resource Center\" \/>\n<meta property=\"article:modified_time\" content=\"2026-05-14T18:14:29+00:00\" \/>\n<meta name=\"twitter:card\" content=\"summary_large_image\" \/>\n<meta name=\"twitter:label1\" content=\"\u01af\u1edbc t\u00ednh th\u1eddi gian \u0111\u1ecdc\" \/>\n\t<meta name=\"twitter:data1\" content=\"2 ph\u00fat\" \/>\n<script type=\"application\/ld+json\" class=\"yoast-schema-graph\">{\"@context\":\"https:\\\/\\\/schema.org\",\"@graph\":[{\"@type\":\"WebPage\",\"@id\":\"https:\\\/\\\/www.homeownership-wa.org\\\/for-homeowners\\\/home-repair-and-modification-assistance\\\/\",\"url\":\"https:\\\/\\\/www.homeownership-wa.org\\\/for-homeowners\\\/home-repair-and-modification-assistance\\\/\",\"name\":\"Home Repair and Modification Assistance - Washington Homeownership Resource Center\",\"isPartOf\":{\"@id\":\"https:\\\/\\\/www.homeownership-wa.org\\\/#website\"},\"datePublished\":\"2023-08-14T20:31:34+00:00\",\"dateModified\":\"2026-05-14T18:14:29+00:00\",\"breadcrumb\":{\"@id\":\"https:\\\/\\\/www.homeownership-wa.org\\\/for-homeowners\\\/home-repair-and-modification-assistance\\\/#breadcrumb\"},\"inLanguage\":\"vi\",\"potentialAction\":[{\"@type\":\"ReadAction\",\"target\":[\"https:\\\/\\\/www.homeownership-wa.org\\\/for-homeowners\\\/home-repair-and-modification-assistance\\\/\"]}]},{\"@type\":\"BreadcrumbList\",\"@id\":\"https:\\\/\\\/www.homeownership-wa.org\\\/for-homeowners\\\/home-repair-and-modification-assistance\\\/#breadcrumb\",\"itemListElement\":[{\"@type\":\"ListItem\",\"position\":1,\"name\":\"Home\",\"item\":\"https:\\\/\\\/www.homeownership-wa.org\\\/\"},{\"@type\":\"ListItem\",\"position\":2,\"name\":\"For Homeowners\",\"item\":\"https:\\\/\\\/www.homeownership-wa.org\\\/for-homeowners\\\/\"},{\"@type\":\"ListItem\",\"position\":3,\"name\":\"Home Repair and Modification Assistance\"}]},{\"@type\":\"WebSite\",\"@id\":\"https:\\\/\\\/www.homeownership-wa.org\\\/#website\",\"url\":\"https:\\\/\\\/www.homeownership-wa.org\\\/\",\"name\":\"Washington Homeownership Resource Center\",\"description\":\"You have homeownership goals. We can help you reach them.\",\"publisher\":{\"@id\":\"https:\\\/\\\/www.homeownership-wa.org\\\/#organization\"},\"potentialAction\":[{\"@type\":\"SearchAction\",\"target\":{\"@type\":\"EntryPoint\",\"urlTemplate\":\"https:\\\/\\\/www.homeownership-wa.org\\\/?s={search_term_string}\"},\"query-input\":{\"@type\":\"PropertyValueSpecification\",\"valueRequired\":true,\"valueName\":\"search_term_string\"}}],\"inLanguage\":\"vi\"},{\"@type\":\"Organization\",\"@id\":\"https:\\\/\\\/www.homeownership-wa.org\\\/#organization\",\"name\":\"Washington Homeownership Resource Center\",\"url\":\"https:\\\/\\\/www.homeownership-wa.org\\\/\",\"logo\":{\"@type\":\"ImageObject\",\"inLanguage\":\"vi\",\"@id\":\"https:\\\/\\\/www.homeownership-wa.org\\\/#\\\/schema\\\/logo\\\/image\\\/\",\"url\":\"https:\\\/\\\/www.homeownership-wa.org\\\/wp-content\\\/uploads\\\/2024\\\/05\\\/WHRC_Logo_2023_Cerulean_RGB_H.png\",\"contentUrl\":\"https:\\\/\\\/www.homeownership-wa.org\\\/wp-content\\\/uploads\\\/2024\\\/05\\\/WHRC_Logo_2023_Cerulean_RGB_H.png\",\"width\":10001,\"height\":2881,\"caption\":\"Washington Homeownership Resource Center\"},\"image\":{\"@id\":\"https:\\\/\\\/www.homeownership-wa.org\\\/#\\\/schema\\\/logo\\\/image\\\/\"}}]}<\/script>\n<!-- \/ Yoast SEO plugin. -->","yoast_head_json":{"title":"H\u1ed7 tr\u1ee3 S\u1eeda ch\u1eefa v\u00e0 C\u1ea3i t\u1ea1o Nh\u00e0 - Trung t\u00e2m T\u00e0i nguy\u00ean S\u1edf h\u1eefu Nh\u00e0 \u1edf Washington","robots":{"index":"index","follow":"follow","max-snippet":"max-snippet:-1","max-image-preview":"max-image-preview:large","max-video-preview":"max-video-preview:-1"},"canonical":"https:\/\/www.homeownership-wa.org\/vi\/for-homeowners\/home-repair-and-modification-assistance\/","og_locale":"vi_VN","og_type":"article","og_title":"Home Repair and Modification Assistance - Washington Homeownership Resource Center","og_url":"https:\/\/www.homeownership-wa.org\/vi\/for-homeowners\/home-repair-and-modification-assistance\/","og_site_name":"Washington Homeownership Resource Center","article_modified_time":"2026-05-14T18:14:29+00:00","twitter_card":"summary_large_image","twitter_misc":{"\u01af\u1edbc t\u00ednh th\u1eddi gian \u0111\u1ecdc":"2 ph\u00fat"},"schema":{"@context":"https:\/\/schema.org","@graph":[{"@type":"WebPage","@id":"https:\/\/www.homeownership-wa.org\/for-homeowners\/home-repair-and-modification-assistance\/","url":"https:\/\/www.homeownership-wa.org\/for-homeowners\/home-repair-and-modification-assistance\/","name":"H\u1ed7 tr\u1ee3 S\u1eeda ch\u1eefa v\u00e0 C\u1ea3i t\u1ea1o Nh\u00e0 - Trung t\u00e2m T\u00e0i nguy\u00ean S\u1edf h\u1eefu Nh\u00e0 \u1edf Washington","isPartOf":{"@id":"https:\/\/www.homeownership-wa.org\/#website"},"datePublished":"2023-08-14T20:31:34+00:00","dateModified":"2026-05-14T18:14:29+00:00","breadcrumb":{"@id":"https:\/\/www.homeownership-wa.org\/for-homeowners\/home-repair-and-modification-assistance\/#breadcrumb"},"inLanguage":"vi","potentialAction":[{"@type":"ReadAction","target":["https:\/\/www.homeownership-wa.org\/for-homeowners\/home-repair-and-modification-assistance\/"]}]},{"@type":"BreadcrumbList","@id":"https:\/\/www.homeownership-wa.org\/for-homeowners\/home-repair-and-modification-assistance\/#breadcrumb","itemListElement":[{"@type":"ListItem","position":1,"name":"Home","item":"https:\/\/www.homeownership-wa.org\/"},{"@type":"ListItem","position":2,"name":"For Homeowners","item":"https:\/\/www.homeownership-wa.org\/for-homeowners\/"},{"@type":"ListItem","position":3,"name":"Home Repair and Modification Assistance"}]},{"@type":"WebSite","@id":"https:\/\/www.homeownership-wa.org\/#website","url":"https:\/\/www.homeownership-wa.org\/","name":"Trung t\u00e2m T\u00e0i nguy\u00ean S\u1edf h\u1eefu Nh\u00e0 \u1edf Washington","description":"B\u1ea1n c\u00f3 m\u1ee5c ti\u00eau s\u1edf h\u1eefu nh\u00e0. Ch\u00fang t\u00f4i c\u00f3 th\u1ec3 gi\u00fap b\u1ea1n \u0111\u1ea1t \u0111\u01b0\u1ee3c m\u1ee5c ti\u00eau \u0111\u00f3.","publisher":{"@id":"https:\/\/www.homeownership-wa.org\/#organization"},"potentialAction":[{"@type":"SearchAction","target":{"@type":"EntryPoint","urlTemplate":"https:\/\/www.homeownership-wa.org\/?s={search_term_string}"},"query-input":{"@type":"PropertyValueSpecification","valueRequired":true,"valueName":"search_term_string"}}],"inLanguage":"vi"},{"@type":"Organization","@id":"https:\/\/www.homeownership-wa.org\/#organization","name":"Trung t\u00e2m T\u00e0i nguy\u00ean S\u1edf h\u1eefu Nh\u00e0 \u1edf Washington","url":"https:\/\/www.homeownership-wa.org\/","logo":{"@type":"ImageObject","inLanguage":"vi","@id":"https:\/\/www.homeownership-wa.org\/#\/schema\/logo\/image\/","url":"https:\/\/www.homeownership-wa.org\/wp-content\/uploads\/2024\/05\/WHRC_Logo_2023_Cerulean_RGB_H.png","contentUrl":"https:\/\/www.homeownership-wa.org\/wp-content\/uploads\/2024\/05\/WHRC_Logo_2023_Cerulean_RGB_H.png","width":10001,"height":2881,"caption":"Washington Homeownership Resource Center"},"image":{"@id":"https:\/\/www.homeownership-wa.org\/#\/schema\/logo\/image\/"}}]}},"_links":{"self":[{"href":"https:\/\/www.homeownership-wa.org\/vi\/wp-json\/wp\/v2\/pages\/704","targetHints":{"allow":["GET"]}}],"collection":[{"href":"https:\/\/www.homeownership-wa.org\/vi\/wp-json\/wp\/v2\/pages"}],"about":[{"href":"https:\/\/www.homeownership-wa.org\/vi\/wp-json\/wp\/v2\/types\/page"}],"author":[{"embeddable":true,"href":"https:\/\/www.homeownership-wa.org\/vi\/wp-json\/wp\/v2\/users\/5"}],"replies":[{"embeddable":true,"href":"https:\/\/www.homeownership-wa.org\/vi\/wp-json\/wp\/v2\/comments?post=704"}],"version-history":[{"count":0,"href":"https:\/\/www.homeownership-wa.org\/vi\/wp-json\/wp\/v2\/pages\/704\/revisions"}],"up":[{"embeddable":true,"href":"https:\/\/www.homeownership-wa.org\/vi\/wp-json\/wp\/v2\/pages\/2289"}],"wp:attachment":[{"href":"https:\/\/www.homeownership-wa.org\/vi\/wp-json\/wp\/v2\/media?parent=704"}],"curies":[{"name":"wp","href":"https:\/\/api.w.org\/{rel}","templated":true}]}}